{"id":979,"date":"2017-09-13T16:52:30","date_gmt":"2017-09-13T16:52:30","guid":{"rendered":"http:\/\/salacela.net\/es\/?page_id=979"},"modified":"2018-03-28T17:06:56","modified_gmt":"2018-03-28T17:06:56","slug":"reina-torres-de-arauz-panama-indigena-bibliografia-panamena","status":"publish","type":"page","link":"http:\/\/salacela.net\/es\/reina-torres-de-arauz-panama-indigena-bibliografia-panamena\/","title":{"rendered":"Reina Torres de Ara\u00faz \u2013 Panam\u00e1 ind\u00edgena | Bibliograf\u00eda paname\u00f1a"},"content":{"rendered":"<div class=\"wpb-content-wrapper\"><p>[vc_row][vc_column][vc_custom_heading text=\u00bbBibliograf\u00eda Paname\u00f1a &gt; 1976 &#8211; 2000 &gt; Reina Torres de Ara\u00faz \u2013 Panam\u00e1 ind\u00edgena\u00bb font_container=\u00bbtag:h2|font_size:36|text_align:left\u00bb use_theme_fonts=\u00bbyes\u00bb el_class=\u00bbm-b-md\u00bb][vc_separator color=\u00bbcustom\u00bb align=\u00bbalign_left\u00bb border_width=\u00bb3&#8243; type=\u00bbsmall\u00bb accent_color=\u00bb#cfa968&#8243;][vc_column_text]<b>Autor:<\/b> Reina Torres de Ara\u00faz<\/p>\n<p><b>Art\u00edculo:<\/b> Panam\u00e1 ind\u00edgena<\/p>\n<div align=\"justify\"><b>Resumen:<\/b><br \/>\nPanam\u00e1 ind\u00edgena<\/div>\n<p><b>Archivos:<\/b>[\/vc_column_text][\/vc_column][\/vc_row][vc_row][vc_column width=\u00bb1\/6&#8243;][just_icon icon=\u00bbDefaults-file-pdf-o\u00bb icon_size=\u00bb64&#8243; icon_color=\u00bb#fe0202&#8243; icon_link=\u00bburl:http%3A%2F%2Fsalacela.net%2Fes%2Fwp-content%2Fuploads%2F2017%2F09%2F73.pdf||target:%20_blank|\u00bb icon_animation=\u00bbbounceInLeft\u00bb][vc_column_text css_animation=\u00bbbounceInLeft\u00bb]<\/p>\n<p style=\"text-align: center;\">01 Panam\u00e1 ind\u00edgena<\/p>\n<p>[\/vc_column_text][\/vc_column][vc_column width=\u00bb1\/6&#8243;][just_icon icon=\u00bbDefaults-file-pdf-o\u00bb icon_size=\u00bb64&#8243; icon_color=\u00bb#fe0202&#8243; icon_link=\u00bburl:http%3A%2F%2Fsalacela.net%2Fes%2Fwp-content%2Fuploads%2F2017%2F09%2F74.pdf||target:%20_blank|\u00bb icon_animation=\u00bbbounceInLeft\u00bb][vc_column_text css_animation=\u00bbbounceInLeft\u00bb]<\/p>\n<p style=\"text-align: center;\">02 Panam\u00e1 ind\u00edgena<\/p>\n<p>[\/vc_column_text][\/vc_column][vc_column width=\u00bb1\/6&#8243;][just_icon icon=\u00bbDefaults-file-pdf-o\u00bb icon_size=\u00bb64&#8243; icon_color=\u00bb#fe0202&#8243; icon_link=\u00bburl:http%3A%2F%2Fsalacela.net%2Fes%2Fwp-content%2Fuploads%2F2017%2F09%2F75.pdf||target:%20_blank|\u00bb icon_animation=\u00bbbounceInLeft\u00bb][vc_column_text css_animation=\u00bbbounceInLeft\u00bb]<\/p>\n<p style=\"text-align: center;\">03 Panam\u00e1 ind\u00edgena<\/p>\n<p>[\/vc_column_text][\/vc_column][vc_column width=\u00bb1\/6&#8243;][just_icon icon=\u00bbDefaults-file-pdf-o\u00bb icon_size=\u00bb64&#8243; icon_color=\u00bb#fe0202&#8243; icon_link=\u00bburl:http%3A%2F%2Fsalacela.net%2Fes%2Fwp-content%2Fuploads%2F2017%2F09%2F76.pdf||target:%20_blank|\u00bb icon_animation=\u00bbbounceInLeft\u00bb][vc_column_text css_animation=\u00bbbounceInLeft\u00bb]<\/p>\n<p style=\"text-align: center;\">04 Panam\u00e1 ind\u00edgena<\/p>\n<p>[\/vc_column_text][\/vc_column][vc_column width=\u00bb1\/6&#8243;][just_icon icon=\u00bbDefaults-file-pdf-o\u00bb icon_size=\u00bb64&#8243; icon_color=\u00bb#fe0202&#8243; icon_link=\u00bburl:http%3A%2F%2Fsalacela.net%2Fes%2Fwp-content%2Fuploads%2F2017%2F09%2F77.pdf||target:%20_blank|\u00bb icon_animation=\u00bbbounceInLeft\u00bb][vc_column_text css_animation=\u00bbbounceInLeft\u00bb]<\/p>\n<p style=\"text-align: center;\">05 Panam\u00e1 ind\u00edgena<\/p>\n<p>[\/vc_column_text][\/vc_column][vc_column width=\u00bb1\/6&#8243;][just_icon icon=\u00bbDefaults-file-pdf-o\u00bb icon_size=\u00bb64&#8243; icon_color=\u00bb#fe0202&#8243; icon_link=\u00bburl:http%3A%2F%2Fsalacela.net%2Fes%2Fwp-content%2Fuploads%2F2017%2F09%2F78.pdf||target:%20_blank|\u00bb icon_animation=\u00bbbounceInLeft\u00bb][vc_column_text css_animation=\u00bbbounceInLeft\u00bb]<\/p>\n<p style=\"text-align: center;\">06 Panam\u00e1 ind\u00edgena<\/p>\n<p>[\/vc_column_text][\/vc_column][\/vc_row][vc_row][vc_column width=\u00bb1\/6&#8243;][just_icon icon=\u00bbDefaults-file-pdf-o\u00bb icon_size=\u00bb64&#8243; icon_color=\u00bb#fe0202&#8243; icon_link=\u00bburl:http%3A%2F%2Fsalacela.net%2Fes%2Fwp-content%2Fuploads%2F2017%2F09%2F79.pdf||target:%20_blank|\u00bb icon_animation=\u00bbbounceInLeft\u00bb][vc_column_text css_animation=\u00bbbounceInLeft\u00bb]<\/p>\n<p style=\"text-align: center;\">07 Panam\u00e1 ind\u00edgena<\/p>\n<p>[\/vc_column_text][\/vc_column][vc_column width=\u00bb1\/6&#8243;][just_icon icon=\u00bbDefaults-file-pdf-o\u00bb icon_size=\u00bb64&#8243; icon_color=\u00bb#fe0202&#8243; icon_link=\u00bburl:http%3A%2F%2Fsalacela.net%2Fes%2Fwp-content%2Fuploads%2F2017%2F09%2F80.pdf||target:%20_blank|\u00bb icon_animation=\u00bbbounceInLeft\u00bb][vc_column_text css_animation=\u00bbbounceInLeft\u00bb]<\/p>\n<p style=\"text-align: center;\">08 Panam\u00e1 ind\u00edgena<\/p>\n<p>[\/vc_column_text][\/vc_column][vc_column width=\u00bb1\/6&#8243;][\/vc_column][\/vc_row][vc_row][vc_column][vc_btn title=\u00bbRegresar\u00bb style=\u00bbcustom\u00bb custom_background=\u00bb#19185a\u00bb custom_text=\u00bb#ffffff\u00bb size=\u00bblg\u00bb align=\u00bbcenter\u00bb i_icon_fontawesome=\u00bbfa fa-reply\u00bb add_icon=\u00bbtrue\u00bb link=\u00bburl:http%3A%2F%2Fsalacela.net%2Fes%2F1976-2000%2F|||\u00bb][\/vc_column][\/vc_row]<\/p>\n<\/div>","protected":false},"excerpt":{"rendered":"<p>[vc_row][vc_column][vc_custom_heading text=\u00bbBibliograf\u00eda Paname\u00f1a &gt; 1976 &#8211; 2000 &gt; Reina Torres de Ara\u00faz \u2013 Panam\u00e1 ind\u00edgena\u00bb font_container=\u00bbtag:h2|font_size:36|text_align:left\u00bb use_theme_fonts=\u00bbyes\u00bb el_class=\u00bbm-b-md\u00bb][vc_separator color=\u00bbcustom\u00bb align=\u00bbalign_left\u00bb border_width=\u00bb3&#8243; type=\u00bbsmall\u00bb accent_color=\u00bb#cfa968&#8243;][vc_column_text]Autor: Reina Torres de Ara\u00faz Art\u00edculo: Panam\u00e1 ind\u00edgena Resumen: Panam\u00e1 ind\u00edgena Archivos:[\/vc_column_text][\/vc_column][\/vc_row][vc_row][vc_column width=\u00bb1\/6&#8243;][just_icon icon=\u00bbDefaults-file-pdf-o\u00bb icon_size=\u00bb64&#8243; icon_color=\u00bb#fe0202&#8243; icon_link=\u00bburl:http%3A%2F%2Fsalacela.net%2Fes%2Fwp-content%2Fuploads%2F2017%2F09%2F73.pdf||target:%20_blank|\u00bb icon_animation=\u00bbbounceInLeft\u00bb][vc_column_text css_animation=\u00bbbounceInLeft\u00bb] 01 Panam\u00e1 ind\u00edgena [\/vc_column_text][\/vc_column][vc_column width=\u00bb1\/6&#8243;][just_icon icon=\u00bbDefaults-file-pdf-o\u00bb icon_size=\u00bb64&#8243; icon_color=\u00bb#fe0202&#8243; icon_link=\u00bburl:http%3A%2F%2Fsalacela.net%2Fes%2Fwp-content%2Fuploads%2F2017%2F09%2F74.pdf||target:%20_blank|\u00bb icon_animation=\u00bbbounceInLeft\u00bb][vc_column_text css_animation=\u00bbbounceInLeft\u00bb] 02 Panam\u00e1 ind\u00edgena [&hellip;]<\/p>\n","protected":false},"author":1,"featured_media":0,"parent":0,"menu_order":0,"comment_status":"closed","ping_status":"closed","template":"","meta":{"_exactmetrics_skip_tracking":false,"_exactmetrics_sitenote_active":false,"_exactmetrics_sitenote_note":"","_exactmetrics_sitenote_category":0,"footnotes":""},"class_list":["post-979","page","type-page","status-publish","hentry"],"_links":{"self":[{"href":"http:\/\/salacela.net\/es\/wp-json\/wp\/v2\/pages\/979","targetHints":{"allow":["GET"]}}],"collection":[{"href":"http:\/\/salacela.net\/es\/wp-json\/wp\/v2\/pages"}],"about":[{"href":"http:\/\/salacela.net\/es\/wp-json\/wp\/v2\/types\/page"}],"author":[{"embeddable":true,"href":"http:\/\/salacela.net\/es\/wp-json\/wp\/v2\/users\/1"}],"replies":[{"embeddable":true,"href":"http:\/\/salacela.net\/es\/wp-json\/wp\/v2\/comments?post=979"}],"version-history":[{"count":11,"href":"http:\/\/salacela.net\/es\/wp-json\/wp\/v2\/pages\/979\/revisions"}],"predecessor-version":[{"id":1682,"href":"http:\/\/salacela.net\/es\/wp-json\/wp\/v2\/pages\/979\/revisions\/1682"}],"wp:attachment":[{"href":"http:\/\/salacela.net\/es\/wp-json\/wp\/v2\/media?parent=979"}],"curies":[{"name":"wp","href":"https:\/\/api.w.org\/{rel}","templated":true}]}}