{"id":948,"date":"2017-08-11T21:09:04","date_gmt":"2017-08-11T21:09:04","guid":{"rendered":"http:\/\/salacela.net\/es\/?page_id=948"},"modified":"2018-03-04T20:56:30","modified_gmt":"2018-03-04T20:56:30","slug":"1976-2000","status":"publish","type":"page","link":"http:\/\/salacela.net\/es\/1976-2000\/","title":{"rendered":"1976-2000"},"content":{"rendered":"<div class=\"wpb-content-wrapper\"><p>[vc_row wrap_container=\u00bbyes\u00bb is_section=\u00bbyes\u00bb remove_margin_top=\u00bbyes\u00bb remove_border=\u00bbyes\u00bb bg_type=\u00bbgrad\u00bb bg_grad=\u00bbbackground: -webkit-gradient(linear, left top, left bottom, color-stop(0%, #C7E9EB), color-stop(55%, #FFFFFF));background: -moz-linear-gradient(top,#C7E9EB 0%,#FFFFFF 55%);background: -webkit-linear-gradient(top,#C7E9EB 0%,#FFFFFF 55%);background: -o-linear-gradient(top,#C7E9EB 0%,#FFFFFF 55%);background: -ms-linear-gradient(top,#C7E9EB 0%,#FFFFFF 55%);background: linear-gradient(top,#C7E9EB 0%,#FFFFFF 55%);\u00bb][vc_column][vc_custom_heading text=\u00bbBibliograf\u00eda Paname\u00f1a &gt; 1976 &#8211; 2000&#8243; font_container=\u00bbtag:h2|font_size:36|text_align:left\u00bb use_theme_fonts=\u00bbyes\u00bb el_class=\u00bbm-b-md\u00bb][vc_separator color=\u00bbcustom\u00bb align=\u00bbalign_left\u00bb border_width=\u00bb3&#8243; type=\u00bbsmall\u00bb accent_color=\u00bb#cfa968&#8243;][vc_column_text]<\/p>\n<p style=\"text-align: justify;\">La Biblioteca Digital de Autores Paname\u00f1os recoge los trabajos m\u00e1s significativos del siglo XX, relacionados con las ciencias sociales. Se procedi\u00f3 a dividir la Biblioteca en cuatro per\u00edodos. En primer lugar, el nacimiento de la Rep\u00fablica (1903-1925). En segundo lugar, la consolidaci\u00f3n del Estado (1926-1950). En tercer lugar, el Estado desarrollista y la cuesti\u00f3n nacional (1951-1975). Por \u00faltimo, en cuarto lugar, los autores que escribieron en la etapa de perfeccionamiento de la soberan\u00eda y de las pol\u00edticas neoliberales (1976-2000).<\/p>\n<p style=\"text-align: justify;\">El navegante virtual encontrar\u00e1, en la actualidad, un total de 16 trabajos de igual n\u00famero de autores. M\u00e1s adelante, se agregar\u00e1n autores representativos de los cuatro per\u00edodos.<\/p>\n<p>[\/vc_column_text][vc_row_inner][vc_column_inner][vc_column_text]<\/p>\n<blockquote><p>Alfredo Castillero Calvo &#8211; <strong><a href=\"http:\/\/salacela.net\/es\/wp-content\/uploads\/2017\/09\/3.pdf\" target=\"_blank\" rel=\"noopener\">Historia General de Panam\u00e1<\/a><\/strong><\/p><\/blockquote>\n<p>[\/vc_column_text][vc_column_text]<\/p>\n<blockquote><p>Alfredo Figueroa Navarro &#8211; <a href=\"http:\/\/salacela.net\/es\/alfredo-figueroa-navarro-dominio-y-sociedad-en-el-panama-colombiano-1821-1903-bibliografia-panamena\/\"><strong>Dominio y Sociedad en el Panam\u00e1 Colombiano (1821-1903)<\/strong><\/a><\/p><\/blockquote>\n<p>[\/vc_column_text][vc_column_text]<\/p>\n<blockquote><p>Carmen Mir\u00f3 &#8211; <a href=\"http:\/\/salacela.net\/es\/wp-content\/uploads\/2017\/09\/26.pdf\" target=\"_blank\" rel=\"noopener\"><strong>Am\u00e9rica Latina transici\u00f3n demogr\u00e1fica y crisis econ\u00f3mica, social y pol\u00edtica<\/strong><\/a><\/p><\/blockquote>\n<p>[\/vc_column_text][vc_column_text]<\/p>\n<blockquote><p>Gerardo Maloney &#8211; <a href=\"http:\/\/salacela.net\/es\/wp-content\/uploads\/2017\/09\/40.pdf\" target=\"_blank\" rel=\"noopener\"><strong>El Canal de Panam\u00e1 y los trabajadores antillanos<\/strong><\/a><\/p><\/blockquote>\n<p>[\/vc_column_text][vc_column_text]<\/p>\n<blockquote><p>Juan A. Jovan\u00e9 &#8211; <a href=\"http:\/\/salacela.net\/es\/wp-content\/uploads\/2017\/09\/37.pdf\" target=\"_blank\" rel=\"noopener\"><strong>Canal y excedente econ\u00f3mico<\/strong><\/a><\/p><\/blockquote>\n<p>[\/vc_column_text][vc_column_text]<\/p>\n<blockquote><p>Reina Torres de Ara\u00faz &#8211; <strong><a href=\"http:\/\/salacela.net\/es\/reina-torres-de-arauz-panama-indigena-bibliografia-panamena\/\">Panam\u00e1 ind\u00edgena<\/a><\/strong><\/p><\/blockquote>\n<p>[\/vc_column_text][\/vc_column_inner][\/vc_row_inner][\/vc_column][\/vc_row]<\/p>\n<\/div>","protected":false},"excerpt":{"rendered":"<p>[vc_row wrap_container=\u00bbyes\u00bb is_section=\u00bbyes\u00bb remove_margin_top=\u00bbyes\u00bb remove_border=\u00bbyes\u00bb bg_type=\u00bbgrad\u00bb bg_grad=\u00bbbackground: -webkit-gradient(linear, left top, left bottom, color-stop(0%, #C7E9EB), color-stop(55%, #FFFFFF));background: -moz-linear-gradient(top,#C7E9EB 0%,#FFFFFF 55%);background: -webkit-linear-gradient(top,#C7E9EB 0%,#FFFFFF 55%);background: -o-linear-gradient(top,#C7E9EB 0%,#FFFFFF 55%);background: -ms-linear-gradient(top,#C7E9EB 0%,#FFFFFF 55%);background: linear-gradient(top,#C7E9EB 0%,#FFFFFF 55%);\u00bb][vc_column][vc_custom_heading text=\u00bbBibliograf\u00eda Paname\u00f1a &gt; 1976 &#8211; 2000&#8243; font_container=\u00bbtag:h2|font_size:36|text_align:left\u00bb use_theme_fonts=\u00bbyes\u00bb el_class=\u00bbm-b-md\u00bb][vc_separator color=\u00bbcustom\u00bb align=\u00bbalign_left\u00bb border_width=\u00bb3&#8243; type=\u00bbsmall\u00bb accent_color=\u00bb#cfa968&#8243;][vc_column_text] La Biblioteca Digital de Autores Paname\u00f1os recoge los trabajos m\u00e1s [&hellip;]<\/p>\n","protected":false},"author":1,"featured_media":0,"parent":0,"menu_order":0,"comment_status":"closed","ping_status":"closed","template":"","meta":{"_exactmetrics_skip_tracking":false,"_exactmetrics_sitenote_active":false,"_exactmetrics_sitenote_note":"","_exactmetrics_sitenote_category":0,"footnotes":""},"class_list":["post-948","page","type-page","status-publish","hentry"],"_links":{"self":[{"href":"http:\/\/salacela.net\/es\/wp-json\/wp\/v2\/pages\/948","targetHints":{"allow":["GET"]}}],"collection":[{"href":"http:\/\/salacela.net\/es\/wp-json\/wp\/v2\/pages"}],"about":[{"href":"http:\/\/salacela.net\/es\/wp-json\/wp\/v2\/types\/page"}],"author":[{"embeddable":true,"href":"http:\/\/salacela.net\/es\/wp-json\/wp\/v2\/users\/1"}],"replies":[{"embeddable":true,"href":"http:\/\/salacela.net\/es\/wp-json\/wp\/v2\/comments?post=948"}],"version-history":[{"count":11,"href":"http:\/\/salacela.net\/es\/wp-json\/wp\/v2\/pages\/948\/revisions"}],"predecessor-version":[{"id":1106,"href":"http:\/\/salacela.net\/es\/wp-json\/wp\/v2\/pages\/948\/revisions\/1106"}],"wp:attachment":[{"href":"http:\/\/salacela.net\/es\/wp-json\/wp\/v2\/media?parent=948"}],"curies":[{"name":"wp","href":"https:\/\/api.w.org\/{rel}","templated":true}]}}