{"id":924,"date":"2017-08-11T20:09:49","date_gmt":"2017-08-11T20:09:49","guid":{"rendered":"http:\/\/salacela.net\/es\/?page_id=924"},"modified":"2018-03-04T20:56:32","modified_gmt":"2018-03-04T20:56:32","slug":"baltazar-isaza-calderon-el-liberalismo-y-carlos-a-mendoza-en-la-historia-panamena-bibliografia-panamena","status":"publish","type":"page","link":"http:\/\/salacela.net\/es\/baltazar-isaza-calderon-el-liberalismo-y-carlos-a-mendoza-en-la-historia-panamena-bibliografia-panamena\/","title":{"rendered":"Baltazar Isaza Calder\u00f3n &#8211; El liberalismo y Carlos A. Mendoza en la historia paname\u00f1a | Bibliograf\u00eda Paname\u00f1a"},"content":{"rendered":"<div class=\"wpb-content-wrapper\"><p>[vc_row][vc_column][vc_custom_heading text=\u00bbBibliograf\u00eda Paname\u00f1a &gt; 1951 &#8211; 1975 &gt; Baltazar Isaza Calder\u00f3n &#8211; El liberalismo y Carlos A. Mendoza en la historia paname\u00f1a\u00bb font_container=\u00bbtag:h2|font_size:36|text_align:left\u00bb use_theme_fonts=\u00bbyes\u00bb el_class=\u00bbm-b-md\u00bb][vc_separator color=\u00bbcustom\u00bb align=\u00bbalign_left\u00bb border_width=\u00bb3&#8243; type=\u00bbsmall\u00bb accent_color=\u00bb#cfa968&#8243;][vc_column_text]<b>Autor:<\/b>\u00a0Baltazar Isaza Calder\u00f3n<\/p>\n<p><b>Art\u00edculo:<\/b>\u00a0El liberalismo y Carlos A. Mendoza en la historia paname\u00f1a<\/p>\n<div align=\"justify\"><b>Resumen:<\/b><br \/>\nEl liberalismo y Carlos A. Mendoza en la historia paneme\u00f1a. Baltazar Isaza Calder\u00f3n.<\/div>\n<p><b>Archivos:<\/b>[\/vc_column_text][\/vc_column][\/vc_row][vc_row][vc_column width=\u00bb1\/6&#8243;][just_icon icon=\u00bbDefaults-file-pdf-o\u00bb icon_size=\u00bb64&#8243; icon_color=\u00bb#fe0202&#8243; icon_link=\u00bburl:http%3A%2F%2Fsalacela.net%2Fes%2Fwp-content%2Fuploads%2F2017%2F08%2F41.pdf||target:%20_blank|\u00bb icon_animation=\u00bbbounceInLeft\u00bb][vc_column_text css_animation=\u00bbbounceInLeft\u00bb]<\/p>\n<p style=\"text-align: center;\">El liberalismo y Carlos A. Mendoza en la historia paname\u00f1a 1<\/p>\n<p>[\/vc_column_text][\/vc_column][vc_column width=\u00bb1\/6&#8243;][just_icon icon=\u00bbDefaults-file-pdf-o\u00bb icon_size=\u00bb64&#8243; icon_color=\u00bb#fe0202&#8243; icon_link=\u00bburl:http%3A%2F%2Fsalacela.net%2Fes%2Fwp-content%2Fuploads%2F2017%2F08%2F42.pdf||target:%20_blank|\u00bb icon_animation=\u00bbbounceInLeft\u00bb][vc_column_text css_animation=\u00bbbounceInLeft\u00bb]<\/p>\n<p style=\"text-align: center;\">El liberalismo y Carlos A. Mendoza en la historia paname\u00f1a 2<\/p>\n<p>[\/vc_column_text][\/vc_column][vc_column width=\u00bb1\/6&#8243;][just_icon icon=\u00bbDefaults-file-pdf-o\u00bb icon_size=\u00bb64&#8243; icon_color=\u00bb#fe0202&#8243; icon_link=\u00bburl:http%3A%2F%2Fsalacela.net%2Fes%2Fwp-content%2Fuploads%2F2017%2F08%2F43.pdf||target:%20_blank|\u00bb icon_animation=\u00bbbounceInLeft\u00bb][vc_column_text css_animation=\u00bbbounceInLeft\u00bb]<\/p>\n<p style=\"text-align: center;\">El liberalismo y Carlos A. Mendoza en la historia paname\u00f1a 3<\/p>\n<p>[\/vc_column_text][\/vc_column][vc_column width=\u00bb1\/6&#8243;][just_icon icon=\u00bbDefaults-file-pdf-o\u00bb icon_size=\u00bb64&#8243; icon_color=\u00bb#fe0202&#8243; icon_link=\u00bburl:http%3A%2F%2Fsalacela.net%2Fes%2Fwp-content%2Fuploads%2F2017%2F08%2F44.pdf||target:%20_blank|\u00bb icon_animation=\u00bbbounceInLeft\u00bb][vc_column_text css_animation=\u00bbbounceInLeft\u00bb]<\/p>\n<p style=\"text-align: center;\">El liberalismo y Carlos A. Mendoza en la historia paname\u00f1a 4<\/p>\n<p>[\/vc_column_text][\/vc_column][vc_column width=\u00bb1\/6&#8243;][just_icon icon=\u00bbDefaults-file-pdf-o\u00bb icon_size=\u00bb64&#8243; icon_color=\u00bb#fe0202&#8243; icon_link=\u00bburl:http%3A%2F%2Fsalacela.net%2Fes%2Fwp-content%2Fuploads%2F2017%2F08%2F45.pdf||target:%20_blank|\u00bb icon_animation=\u00bbbounceInLeft\u00bb][vc_column_text css_animation=\u00bbbounceInLeft\u00bb]<\/p>\n<p style=\"text-align: center;\">El liberalismo y Carlos A. Mendoza en la historia paname\u00f1a 5<\/p>\n<p>[\/vc_column_text][\/vc_column][vc_column width=\u00bb1\/6&#8243;][just_icon icon=\u00bbDefaults-file-pdf-o\u00bb icon_size=\u00bb64&#8243; icon_color=\u00bb#fe0202&#8243; icon_link=\u00bburl:http%3A%2F%2Fsalacela.net%2Fes%2Fwp-content%2Fuploads%2F2017%2F08%2F46.pdf||target:%20_blank|\u00bb icon_animation=\u00bbbounceInLeft\u00bb][vc_column_text css_animation=\u00bbbounceInLeft\u00bb]<\/p>\n<p style=\"text-align: center;\">El liberalismo y Carlos A. Mendoza en la historia paname\u00f1a 6<\/p>\n<p>[\/vc_column_text][\/vc_column][\/vc_row][vc_row][vc_column width=\u00bb1\/6&#8243;][just_icon icon=\u00bbDefaults-file-pdf-o\u00bb icon_size=\u00bb64&#8243; icon_color=\u00bb#fe0202&#8243; icon_link=\u00bburl:http%3A%2F%2Fsalacela.net%2Fes%2Fwp-content%2Fuploads%2F2017%2F08%2F47.pdf||target:%20_blank|\u00bb icon_animation=\u00bbbounceInLeft\u00bb][vc_column_text css_animation=\u00bbbounceInLeft\u00bb]<\/p>\n<p style=\"text-align: center;\">El liberalismo y Carlos A. Mendoza en la historia paname\u00f1a 7<\/p>\n<p>[\/vc_column_text][\/vc_column][vc_column width=\u00bb1\/6&#8243;][just_icon icon=\u00bbDefaults-file-pdf-o\u00bb icon_size=\u00bb64&#8243; icon_color=\u00bb#fe0202&#8243; icon_link=\u00bburl:http%3A%2F%2Fsalacela.net%2Fes%2Fwp-content%2Fuploads%2F2017%2F08%2F48.pdf||target:%20_blank|\u00bb icon_animation=\u00bbbounceInLeft\u00bb][vc_column_text css_animation=\u00bbbounceInLeft\u00bb]<\/p>\n<p style=\"text-align: center;\">El liberalismo y Carlos A. Mendoza en la historia paname\u00f1a 8<\/p>\n<p>[\/vc_column_text][\/vc_column][vc_column width=\u00bb1\/6&#8243;][just_icon icon=\u00bbDefaults-file-pdf-o\u00bb icon_size=\u00bb64&#8243; icon_color=\u00bb#fe0202&#8243; icon_link=\u00bburl:http%3A%2F%2Fsalacela.net%2Fes%2Fwp-content%2Fuploads%2F2017%2F08%2F49.pdf||target:%20_blank|\u00bb icon_animation=\u00bbbounceInLeft\u00bb][vc_column_text css_animation=\u00bbbounceInLeft\u00bb]<\/p>\n<p style=\"text-align: center;\">El liberalismo y Carlos A. Mendoza en la historia paname\u00f1a 9<\/p>\n<p>[\/vc_column_text][\/vc_column][vc_column width=\u00bb1\/6&#8243;][just_icon icon=\u00bbDefaults-file-pdf-o\u00bb icon_size=\u00bb64&#8243; icon_color=\u00bb#fe0202&#8243; icon_link=\u00bburl:http%3A%2F%2Fsalacela.net%2Fes%2Fwp-content%2Fuploads%2F2017%2F08%2F50.pdf||target:%20_blank|\u00bb icon_animation=\u00bbbounceInLeft\u00bb][vc_column_text css_animation=\u00bbbounceInLeft\u00bb]<\/p>\n<p style=\"text-align: center;\">El liberalismo y Carlos A. Mendoza en la historia paname\u00f1a 10<\/p>\n<p>[\/vc_column_text][\/vc_column][vc_column width=\u00bb1\/6&#8243;][just_icon icon=\u00bbDefaults-file-pdf-o\u00bb icon_size=\u00bb64&#8243; icon_color=\u00bb#fe0202&#8243; icon_link=\u00bburl:http%3A%2F%2Fsalacela.net%2Fes%2Fwp-content%2Fuploads%2F2017%2F08%2F51.pdf||target:%20_blank|\u00bb icon_animation=\u00bbbounceInLeft\u00bb][vc_column_text css_animation=\u00bbbounceInLeft\u00bb]<\/p>\n<p style=\"text-align: center;\">El liberalismo y Carlos A. Mendoza en la historia paname\u00f1a 11<\/p>\n<p>[\/vc_column_text][\/vc_column][vc_column width=\u00bb1\/6&#8243;][\/vc_column][\/vc_row][vc_row][vc_column][vc_btn title=\u00bbRegresar\u00bb style=\u00bbcustom\u00bb custom_background=\u00bb#19185a\u00bb custom_text=\u00bb#ffffff\u00bb size=\u00bblg\u00bb align=\u00bbcenter\u00bb i_icon_fontawesome=\u00bbfa fa-reply\u00bb add_icon=\u00bbtrue\u00bb link=\u00bburl:http%3A%2F%2Fsalacela.net%2Fes%2F1951-1975%2F|||\u00bb][\/vc_column][\/vc_row]<\/p>\n<\/div>","protected":false},"excerpt":{"rendered":"<p>[vc_row][vc_column][vc_custom_heading text=\u00bbBibliograf\u00eda Paname\u00f1a &gt; 1951 &#8211; 1975 &gt; Baltazar Isaza Calder\u00f3n &#8211; El liberalismo y Carlos A. Mendoza en la historia paname\u00f1a\u00bb font_container=\u00bbtag:h2|font_size:36|text_align:left\u00bb use_theme_fonts=\u00bbyes\u00bb el_class=\u00bbm-b-md\u00bb][vc_separator color=\u00bbcustom\u00bb align=\u00bbalign_left\u00bb border_width=\u00bb3&#8243; type=\u00bbsmall\u00bb accent_color=\u00bb#cfa968&#8243;][vc_column_text]Autor:\u00a0Baltazar Isaza Calder\u00f3n Art\u00edculo:\u00a0El liberalismo y Carlos A. Mendoza en la historia paname\u00f1a Resumen: El liberalismo y Carlos A. Mendoza en la historia paneme\u00f1a. Baltazar Isaza [&hellip;]<\/p>\n","protected":false},"author":1,"featured_media":0,"parent":0,"menu_order":0,"comment_status":"closed","ping_status":"closed","template":"","meta":{"_exactmetrics_skip_tracking":false,"_exactmetrics_sitenote_active":false,"_exactmetrics_sitenote_note":"","_exactmetrics_sitenote_category":0,"footnotes":""},"class_list":["post-924","page","type-page","status-publish","hentry"],"_links":{"self":[{"href":"http:\/\/salacela.net\/es\/wp-json\/wp\/v2\/pages\/924","targetHints":{"allow":["GET"]}}],"collection":[{"href":"http:\/\/salacela.net\/es\/wp-json\/wp\/v2\/pages"}],"about":[{"href":"http:\/\/salacela.net\/es\/wp-json\/wp\/v2\/types\/page"}],"author":[{"embeddable":true,"href":"http:\/\/salacela.net\/es\/wp-json\/wp\/v2\/users\/1"}],"replies":[{"embeddable":true,"href":"http:\/\/salacela.net\/es\/wp-json\/wp\/v2\/comments?post=924"}],"version-history":[{"count":11,"href":"http:\/\/salacela.net\/es\/wp-json\/wp\/v2\/pages\/924\/revisions"}],"predecessor-version":[{"id":947,"href":"http:\/\/salacela.net\/es\/wp-json\/wp\/v2\/pages\/924\/revisions\/947"}],"wp:attachment":[{"href":"http:\/\/salacela.net\/es\/wp-json\/wp\/v2\/media?parent=924"}],"curies":[{"name":"wp","href":"https:\/\/api.w.org\/{rel}","templated":true}]}}