{"id":909,"date":"2017-08-10T21:45:13","date_gmt":"2017-08-10T21:45:13","guid":{"rendered":"http:\/\/salacela.net\/es\/?page_id=909"},"modified":"2018-03-28T17:07:56","modified_gmt":"2018-03-28T17:07:56","slug":"humberto-e-ricord-d-panama-en-la-guerra-de-los-mil-dias-bibliografia-panamena","status":"publish","type":"page","link":"http:\/\/salacela.net\/es\/humberto-e-ricord-d-panama-en-la-guerra-de-los-mil-dias-bibliografia-panamena\/","title":{"rendered":"Humberto E. Ricord D. &#8211; Panam\u00e1 en la Guerra de los Mil D\u00edas | Bibliograf\u00eda paname\u00f1a"},"content":{"rendered":"<div class=\"wpb-content-wrapper\"><p>[vc_row][vc_column][vc_custom_heading text=\u00bbBibliograf\u00eda Paname\u00f1a &gt; 1951 &#8211; 1975 &gt; Humberto E. Ricord D. &#8211; Panam\u00e1 en la Guerra de los Mil D\u00edas\u00bb font_container=\u00bbtag:h2|font_size:36|text_align:left\u00bb use_theme_fonts=\u00bbyes\u00bb el_class=\u00bbm-b-md\u00bb][vc_separator color=\u00bbcustom\u00bb align=\u00bbalign_left\u00bb border_width=\u00bb3&#8243; type=\u00bbsmall\u00bb accent_color=\u00bb#cfa968&#8243;][vc_column_text]<b>Autor:<\/b>\u00a0Humberto E. Ricord D.<\/p>\n<p><b>Art\u00edculo:<\/b>\u00a0Panam\u00e1 en la Guerra de los Mil D\u00edas<\/p>\n<p><b>Archivos:<\/b>[\/vc_column_text][\/vc_column][\/vc_row][vc_row][vc_column width=\u00bb1\/6&#8243;][just_icon icon=\u00bbDefaults-file-pdf-o\u00bb icon_size=\u00bb64&#8243; icon_color=\u00bb#fe0202&#8243; icon_link=\u00bburl:http%3A%2F%2Fsalacela.net%2Fes%2Fwp-content%2Fuploads%2F2017%2F08%2F30.pdf||target:%20_blank|\u00bb icon_animation=\u00bbbounceInLeft\u00bb][vc_column_text css_animation=\u00bbbounceInLeft\u00bb]<\/p>\n<p style=\"text-align: center;\">Panam\u00e1 en la Guerra de los Mil D\u00edas 1<\/p>\n<p>[\/vc_column_text][\/vc_column][vc_column width=\u00bb1\/6&#8243;][just_icon icon=\u00bbDefaults-file-pdf-o\u00bb icon_size=\u00bb64&#8243; icon_color=\u00bb#fe0202&#8243; icon_link=\u00bburl:http%3A%2F%2Fsalacela.net%2Fes%2Fwp-content%2Fuploads%2F2017%2F08%2F31.pdf||target:%20_blank|\u00bb icon_animation=\u00bbbounceInLeft\u00bb][vc_column_text css_animation=\u00bbbounceInLeft\u00bb]<\/p>\n<p style=\"text-align: center;\">Panam\u00e1 en la Guerra de los Mil D\u00edas 2<\/p>\n<p>[\/vc_column_text][\/vc_column][vc_column width=\u00bb1\/6&#8243;][just_icon icon=\u00bbDefaults-file-pdf-o\u00bb icon_size=\u00bb64&#8243; icon_color=\u00bb#fe0202&#8243; icon_link=\u00bburl:http%3A%2F%2Fsalacela.net%2Fes%2Fwp-content%2Fuploads%2F2017%2F08%2F32.pdf||target:%20_blank|\u00bb icon_animation=\u00bbbounceInLeft\u00bb][vc_column_text css_animation=\u00bbbounceInLeft\u00bb]<\/p>\n<p style=\"text-align: center;\">Panam\u00e1 en la Guerra de los Mil D\u00edas 3<\/p>\n<p>[\/vc_column_text][\/vc_column][vc_column width=\u00bb1\/6&#8243;][just_icon icon=\u00bbDefaults-file-pdf-o\u00bb icon_size=\u00bb64&#8243; icon_color=\u00bb#fe0202&#8243; icon_link=\u00bburl:http%3A%2F%2Fsalacela.net%2Fes%2Fwp-content%2Fuploads%2F2017%2F08%2F33.pdf||target:%20_blank|\u00bb icon_animation=\u00bbbounceInLeft\u00bb][vc_column_text css_animation=\u00bbbounceInLeft\u00bb]<\/p>\n<p style=\"text-align: center;\">Panam\u00e1 en la Guerra de los Mil D\u00edas 4<\/p>\n<p>[\/vc_column_text][\/vc_column][vc_column width=\u00bb1\/6&#8243;][just_icon icon=\u00bbDefaults-file-pdf-o\u00bb icon_size=\u00bb64&#8243; icon_color=\u00bb#fe0202&#8243; icon_link=\u00bburl:http%3A%2F%2Fsalacela.net%2Fes%2Fwp-content%2Fuploads%2F2017%2F08%2F35.pdf||target:%20_blank|\u00bb icon_animation=\u00bbbounceInLeft\u00bb][vc_column_text css_animation=\u00bbbounceInLeft\u00bb]<\/p>\n<p style=\"text-align: center;\">Panam\u00e1 en la Guerra de los Mil D\u00edas 5<\/p>\n<p>[\/vc_column_text][\/vc_column][vc_column width=\u00bb1\/6&#8243;][just_icon icon=\u00bbDefaults-file-pdf-o\u00bb icon_size=\u00bb64&#8243; icon_color=\u00bb#fe0202&#8243; icon_link=\u00bburl:http%3A%2F%2Fsalacela.net%2Fes%2Fwp-content%2Fuploads%2F2017%2F08%2F36.pdf||target:%20_blank|\u00bb icon_animation=\u00bbbounceInLeft\u00bb][vc_column_text css_animation=\u00bbbounceInLeft\u00bb]<\/p>\n<p style=\"text-align: center;\">Panam\u00e1 en la Guerra de los Mil D\u00edas 6<\/p>\n<p>[\/vc_column_text][\/vc_column][\/vc_row][vc_row][vc_column][vc_btn title=\u00bbRegresar\u00bb style=\u00bbcustom\u00bb custom_background=\u00bb#19185a\u00bb custom_text=\u00bb#ffffff\u00bb size=\u00bblg\u00bb align=\u00bbcenter\u00bb i_icon_fontawesome=\u00bbfa fa-reply\u00bb add_icon=\u00bbtrue\u00bb link=\u00bburl:http%3A%2F%2Fsalacela.net%2Fes%2F1951-1975%2F|||\u00bb][\/vc_column][\/vc_row]<\/p>\n<\/div>","protected":false},"excerpt":{"rendered":"<p>[vc_row][vc_column][vc_custom_heading text=\u00bbBibliograf\u00eda Paname\u00f1a &gt; 1951 &#8211; 1975 &gt; Humberto E. Ricord D. &#8211; Panam\u00e1 en la Guerra de los Mil D\u00edas\u00bb font_container=\u00bbtag:h2|font_size:36|text_align:left\u00bb use_theme_fonts=\u00bbyes\u00bb el_class=\u00bbm-b-md\u00bb][vc_separator color=\u00bbcustom\u00bb align=\u00bbalign_left\u00bb border_width=\u00bb3&#8243; type=\u00bbsmall\u00bb accent_color=\u00bb#cfa968&#8243;][vc_column_text]Autor:\u00a0Humberto E. Ricord D. Art\u00edculo:\u00a0Panam\u00e1 en la Guerra de los Mil D\u00edas Archivos:[\/vc_column_text][\/vc_column][\/vc_row][vc_row][vc_column width=\u00bb1\/6&#8243;][just_icon icon=\u00bbDefaults-file-pdf-o\u00bb icon_size=\u00bb64&#8243; icon_color=\u00bb#fe0202&#8243; icon_link=\u00bburl:http%3A%2F%2Fsalacela.net%2Fes%2Fwp-content%2Fuploads%2F2017%2F08%2F30.pdf||target:%20_blank|\u00bb icon_animation=\u00bbbounceInLeft\u00bb][vc_column_text css_animation=\u00bbbounceInLeft\u00bb] Panam\u00e1 en la Guerra de los Mil [&hellip;]<\/p>\n","protected":false},"author":1,"featured_media":0,"parent":0,"menu_order":0,"comment_status":"closed","ping_status":"closed","template":"","meta":{"_exactmetrics_skip_tracking":false,"_exactmetrics_sitenote_active":false,"_exactmetrics_sitenote_note":"","_exactmetrics_sitenote_category":0,"footnotes":""},"class_list":["post-909","page","type-page","status-publish","hentry"],"_links":{"self":[{"href":"http:\/\/salacela.net\/es\/wp-json\/wp\/v2\/pages\/909","targetHints":{"allow":["GET"]}}],"collection":[{"href":"http:\/\/salacela.net\/es\/wp-json\/wp\/v2\/pages"}],"about":[{"href":"http:\/\/salacela.net\/es\/wp-json\/wp\/v2\/types\/page"}],"author":[{"embeddable":true,"href":"http:\/\/salacela.net\/es\/wp-json\/wp\/v2\/users\/1"}],"replies":[{"embeddable":true,"href":"http:\/\/salacela.net\/es\/wp-json\/wp\/v2\/comments?post=909"}],"version-history":[{"count":8,"href":"http:\/\/salacela.net\/es\/wp-json\/wp\/v2\/pages\/909\/revisions"}],"predecessor-version":[{"id":1683,"href":"http:\/\/salacela.net\/es\/wp-json\/wp\/v2\/pages\/909\/revisions\/1683"}],"wp:attachment":[{"href":"http:\/\/salacela.net\/es\/wp-json\/wp\/v2\/media?parent=909"}],"curies":[{"name":"wp","href":"https:\/\/api.w.org\/{rel}","templated":true}]}}