{"id":879,"date":"2017-08-09T22:27:18","date_gmt":"2017-08-09T22:27:18","guid":{"rendered":"http:\/\/salacela.net\/es\/?page_id=879"},"modified":"2018-03-04T20:56:30","modified_gmt":"2018-03-04T20:56:30","slug":"1951-1975","status":"publish","type":"page","link":"http:\/\/salacela.net\/es\/1951-1975\/","title":{"rendered":"1951-1975"},"content":{"rendered":"<div class=\"wpb-content-wrapper\"><p>[vc_row wrap_container=\u00bbyes\u00bb is_section=\u00bbyes\u00bb remove_margin_top=\u00bbyes\u00bb remove_border=\u00bbyes\u00bb bg_type=\u00bbgrad\u00bb bg_grad=\u00bbbackground: -webkit-gradient(linear, left top, left bottom, color-stop(0%, #C7E9EB), color-stop(55%, #FFFFFF));background: -moz-linear-gradient(top,#C7E9EB 0%,#FFFFFF 55%);background: -webkit-linear-gradient(top,#C7E9EB 0%,#FFFFFF 55%);background: -o-linear-gradient(top,#C7E9EB 0%,#FFFFFF 55%);background: -ms-linear-gradient(top,#C7E9EB 0%,#FFFFFF 55%);background: linear-gradient(top,#C7E9EB 0%,#FFFFFF 55%);\u00bb][vc_column][vc_custom_heading text=\u00bbBibliograf\u00eda Paname\u00f1a &gt; 1951 &#8211; 1975&#8243; font_container=\u00bbtag:h2|font_size:36|text_align:left\u00bb use_theme_fonts=\u00bbyes\u00bb el_class=\u00bbm-b-md\u00bb][vc_separator color=\u00bbcustom\u00bb align=\u00bbalign_left\u00bb border_width=\u00bb3&#8243; type=\u00bbsmall\u00bb accent_color=\u00bb#cfa968&#8243;][vc_column_text]<\/p>\n<p style=\"text-align: justify;\">La Biblioteca Digital de Autores Paname\u00f1os recoge los trabajos m\u00e1s significativos del siglo XX, relacionados con las ciencias sociales. Se procedi\u00f3 a dividir la Biblioteca en cuatro per\u00edodos. En primer lugar, el nacimiento de la Rep\u00fablica (1903-1925). En segundo lugar, la consolidaci\u00f3n del Estado (1926-1950). En tercer lugar, el Estado desarrollista y la cuesti\u00f3n nacional (1951-1975). Por \u00faltimo, en cuarto lugar, los autores que escribieron en la etapa de perfeccionamiento de la soberan\u00eda y de las pol\u00edticas neoliberales (1976-2000).<\/p>\n<p style=\"text-align: justify;\">El navegante virtual encontrar\u00e1, en la actualidad, un total de 16 trabajos de igual n\u00famero de autores. M\u00e1s adelante, se agregar\u00e1n autores representativos de los cuatro per\u00edodos.<\/p>\n<p>[\/vc_column_text][vc_row_inner][vc_column_inner][vc_column_text]<\/p>\n<blockquote><p>Armando Fortune &#8211; <strong><a href=\"http:\/\/salacela.net\/es\/wp-content\/uploads\/2017\/08\/24.pdf\" target=\"_blank\" rel=\"noopener\">Los Negros Cimarrones y su Lucha por la Libertad<\/a><\/strong><\/p><\/blockquote>\n<p>[\/vc_column_text][vc_column_text]<\/p>\n<blockquote><p>Baltazar Isaza Calder\u00f3n &#8211; <a href=\"http:\/\/salacela.net\/es\/baltazar-isaza-calderon-el-liberalismo-y-carlos-a-mendoza-en-la-historia-panamena-bibliografia-panamena\/\"><strong>El liberalismo y Carlos A. Mendoza en la historia paname\u00f1a<\/strong><\/a><\/p><\/blockquote>\n<p>[\/vc_column_text][vc_column_text]<\/p>\n<blockquote><p>Hern\u00e1n F. Porras &#8211; <a href=\"http:\/\/salacela.net\/es\/wp-content\/uploads\/2017\/08\/29.pdf\" target=\"_blank\" rel=\"noopener\"><strong>Papel Hist\u00f3rico de los Grupos Humanos de Panam\u00e1<\/strong><\/a><\/p><\/blockquote>\n<p>[\/vc_column_text][vc_column_text]<\/p>\n<blockquote><p>Humberto E. Ricord D. &#8211; <a href=\"http:\/\/salacela.net\/es\/humberto-e-ricord-d-panama-en-la-guerra-de-los-mil-dias-bibliografia-panamena\/\"><strong>Panam\u00e1 en la Guerra de los Mil D\u00edas<\/strong><\/a><\/p><\/blockquote>\n<p>[\/vc_column_text][vc_column_text]<\/p>\n<blockquote><p>Isa\u00edas Garc\u00eda &#8211; <a href=\"http:\/\/salacela.net\/es\/isaias-garcia-naturaleza-y-forma-de-lo-panameno-bibliografia-panamena\/\"><strong>Naturaleza y forma de lo paname\u00f1o<\/strong><\/a><\/p><\/blockquote>\n<p>[\/vc_column_text][vc_column_text]<\/p>\n<blockquote><p>Ricaurte Soler &#8211; <a href=\"http:\/\/salacela.net\/es\/wp-content\/uploads\/2017\/08\/27.pdf\" target=\"_blank\" rel=\"noopener\"><strong>Panam\u00e1 Naci\u00f3n y Oligarqu\u00eda 1925-1975<\/strong><\/a><\/p><\/blockquote>\n<p>[\/vc_column_text][\/vc_column_inner][\/vc_row_inner][\/vc_column][\/vc_row]<\/p>\n<\/div>","protected":false},"excerpt":{"rendered":"<p>[vc_row wrap_container=\u00bbyes\u00bb is_section=\u00bbyes\u00bb remove_margin_top=\u00bbyes\u00bb remove_border=\u00bbyes\u00bb bg_type=\u00bbgrad\u00bb bg_grad=\u00bbbackground: -webkit-gradient(linear, left top, left bottom, color-stop(0%, #C7E9EB), color-stop(55%, #FFFFFF));background: -moz-linear-gradient(top,#C7E9EB 0%,#FFFFFF 55%);background: -webkit-linear-gradient(top,#C7E9EB 0%,#FFFFFF 55%);background: -o-linear-gradient(top,#C7E9EB 0%,#FFFFFF 55%);background: -ms-linear-gradient(top,#C7E9EB 0%,#FFFFFF 55%);background: linear-gradient(top,#C7E9EB 0%,#FFFFFF 55%);\u00bb][vc_column][vc_custom_heading text=\u00bbBibliograf\u00eda Paname\u00f1a &gt; 1951 &#8211; 1975&#8243; font_container=\u00bbtag:h2|font_size:36|text_align:left\u00bb use_theme_fonts=\u00bbyes\u00bb el_class=\u00bbm-b-md\u00bb][vc_separator color=\u00bbcustom\u00bb align=\u00bbalign_left\u00bb border_width=\u00bb3&#8243; type=\u00bbsmall\u00bb accent_color=\u00bb#cfa968&#8243;][vc_column_text] La Biblioteca Digital de Autores Paname\u00f1os recoge los trabajos m\u00e1s [&hellip;]<\/p>\n","protected":false},"author":1,"featured_media":0,"parent":0,"menu_order":0,"comment_status":"closed","ping_status":"closed","template":"","meta":{"_exactmetrics_skip_tracking":false,"_exactmetrics_sitenote_active":false,"_exactmetrics_sitenote_note":"","_exactmetrics_sitenote_category":0,"footnotes":""},"class_list":["post-879","page","type-page","status-publish","hentry"],"_links":{"self":[{"href":"http:\/\/salacela.net\/es\/wp-json\/wp\/v2\/pages\/879","targetHints":{"allow":["GET"]}}],"collection":[{"href":"http:\/\/salacela.net\/es\/wp-json\/wp\/v2\/pages"}],"about":[{"href":"http:\/\/salacela.net\/es\/wp-json\/wp\/v2\/types\/page"}],"author":[{"embeddable":true,"href":"http:\/\/salacela.net\/es\/wp-json\/wp\/v2\/users\/1"}],"replies":[{"embeddable":true,"href":"http:\/\/salacela.net\/es\/wp-json\/wp\/v2\/comments?post=879"}],"version-history":[{"count":11,"href":"http:\/\/salacela.net\/es\/wp-json\/wp\/v2\/pages\/879\/revisions"}],"predecessor-version":[{"id":1104,"href":"http:\/\/salacela.net\/es\/wp-json\/wp\/v2\/pages\/879\/revisions\/1104"}],"wp:attachment":[{"href":"http:\/\/salacela.net\/es\/wp-json\/wp\/v2\/media?parent=879"}],"curies":[{"name":"wp","href":"https:\/\/api.w.org\/{rel}","templated":true}]}}