{"id":785,"date":"2017-07-19T21:57:02","date_gmt":"2017-07-19T21:57:02","guid":{"rendered":"http:\/\/salacela.net\/es\/?page_id=785"},"modified":"2018-03-04T20:56:30","modified_gmt":"2018-03-04T20:56:30","slug":"1926-1950","status":"publish","type":"page","link":"http:\/\/salacela.net\/es\/1926-1950\/","title":{"rendered":"1926-1950"},"content":{"rendered":"<div class=\"wpb-content-wrapper\"><p>[vc_row wrap_container=\u00bbyes\u00bb is_section=\u00bbyes\u00bb remove_margin_top=\u00bbyes\u00bb remove_border=\u00bbyes\u00bb bg_type=\u00bbgrad\u00bb bg_grad=\u00bbbackground: -webkit-gradient(linear, left top, left bottom, color-stop(0%, #C7E9EB), color-stop(55%, #FFFFFF));background: -moz-linear-gradient(top,#C7E9EB 0%,#FFFFFF 55%);background: -webkit-linear-gradient(top,#C7E9EB 0%,#FFFFFF 55%);background: -o-linear-gradient(top,#C7E9EB 0%,#FFFFFF 55%);background: -ms-linear-gradient(top,#C7E9EB 0%,#FFFFFF 55%);background: linear-gradient(top,#C7E9EB 0%,#FFFFFF 55%);\u00bb][vc_column][vc_custom_heading text=\u00bbBibliograf\u00eda Paname\u00f1a &gt; 1926 &#8211; 1950&#8243; font_container=\u00bbtag:h2|font_size:36|text_align:left\u00bb use_theme_fonts=\u00bbyes\u00bb el_class=\u00bbm-b-md\u00bb][vc_separator color=\u00bbcustom\u00bb align=\u00bbalign_left\u00bb border_width=\u00bb3&#8243; type=\u00bbsmall\u00bb accent_color=\u00bb#cfa968&#8243;][vc_column_text]<\/p>\n<p style=\"text-align: justify;\">La Biblioteca Digital de Autores Paname\u00f1os recoge los trabajos m\u00e1s significativos del siglo XX, relacionados con las ciencias sociales. Se procedi\u00f3 a dividir la Biblioteca en cuatro per\u00edodos. En primer lugar, el nacimiento de la Rep\u00fablica (1903-1925). En segundo lugar, la consolidaci\u00f3n del Estado (1926-1950). En tercer lugar, el Estado desarrollista y la cuesti\u00f3n nacional (1951-1975). Por \u00faltimo, en cuarto lugar, los autores que escribieron en la etapa de perfeccionamiento de la soberan\u00eda y de las pol\u00edticas neoliberales (1976-2000).<\/p>\n<p style=\"text-align: justify;\">El navegante virtual encontrar\u00e1, en la actualidad, un total de 16 trabajos de igual n\u00famero de autores. M\u00e1s adelante, se agregar\u00e1n autores representativos de los cuatro per\u00edodos.<\/p>\n<p>[\/vc_column_text][vc_row_inner][vc_column_inner][vc_column_text]<\/p>\n<blockquote><p>Clara Gonz\u00e1lez &#8211; <a href=\"http:\/\/salacela.net\/es\/wp-content\/uploads\/2017\/07\/22.pdf\" target=\"_blank\" rel=\"noopener\"><b>La Mujer ante el Derecho Paname\u00f1o<\/b><\/a><\/p><\/blockquote>\n<p>[\/vc_column_text][vc_column_text]<\/p>\n<blockquote><p>Demetrio Porras &#8211; <a href=\"http:\/\/salacela.net\/es\/wp-content\/uploads\/2017\/07\/25.pdf\" target=\"_blank\" rel=\"noopener\"><b>Veinte A\u00f1os de Luchas y Experiencias<\/b><\/a><\/p><\/blockquote>\n<p>[\/vc_column_text][vc_column_text]<\/p>\n<blockquote><p>Di\u00f3genes de la Rosa &#8211; <a href=\"http:\/\/salacela.net\/es\/wp-content\/uploads\/2017\/07\/ensayos_varios.pdf\" target=\"_blank\" rel=\"noopener\"><b>Ensayos varios<\/b><\/a><b><\/b><\/p><\/blockquote>\n<p>[\/vc_column_text][vc_column_text]<\/p>\n<blockquote><p>Georgina Jim\u00e9nez de L\u00f3pez &#8211; <a href=\"http:\/\/salacela.net\/es\/wp-content\/uploads\/2017\/07\/56.pdf\" target=\"_blank\" rel=\"noopener\"><b>La clase media en Panam\u00e1<\/b><\/a><\/p><\/blockquote>\n<p>[\/vc_column_text][vc_column_text]<\/p>\n<blockquote><p>Octavio M\u00e9ndez Pereira &#8211; <a href=\"http:\/\/salacela.net\/es\/octavio-mendez-pereira-justo-arosemena-bibliografia-panamena\/\"><b>Justo Arosemena<\/b><\/a><\/p><\/blockquote>\n<p>[\/vc_column_text][vc_column_text]<\/p>\n<blockquote><p>Roque Javier Laurenza &#8211; <a href=\"http:\/\/salacela.net\/es\/wp-content\/uploads\/2017\/07\/21.pdf\" target=\"_blank\" rel=\"noopener\"><b>El paname\u00f1o y la Naci\u00f3n<\/b><\/a><\/p><\/blockquote>\n<p>[\/vc_column_text][\/vc_column_inner][\/vc_row_inner][\/vc_column][\/vc_row]<\/p>\n<\/div>","protected":false},"excerpt":{"rendered":"<p>[vc_row wrap_container=\u00bbyes\u00bb is_section=\u00bbyes\u00bb remove_margin_top=\u00bbyes\u00bb remove_border=\u00bbyes\u00bb bg_type=\u00bbgrad\u00bb bg_grad=\u00bbbackground: -webkit-gradient(linear, left top, left bottom, color-stop(0%, #C7E9EB), color-stop(55%, #FFFFFF));background: -moz-linear-gradient(top,#C7E9EB 0%,#FFFFFF 55%);background: -webkit-linear-gradient(top,#C7E9EB 0%,#FFFFFF 55%);background: -o-linear-gradient(top,#C7E9EB 0%,#FFFFFF 55%);background: -ms-linear-gradient(top,#C7E9EB 0%,#FFFFFF 55%);background: linear-gradient(top,#C7E9EB 0%,#FFFFFF 55%);\u00bb][vc_column][vc_custom_heading text=\u00bbBibliograf\u00eda Paname\u00f1a &gt; 1926 &#8211; 1950&#8243; font_container=\u00bbtag:h2|font_size:36|text_align:left\u00bb use_theme_fonts=\u00bbyes\u00bb el_class=\u00bbm-b-md\u00bb][vc_separator color=\u00bbcustom\u00bb align=\u00bbalign_left\u00bb border_width=\u00bb3&#8243; type=\u00bbsmall\u00bb accent_color=\u00bb#cfa968&#8243;][vc_column_text] La Biblioteca Digital de Autores Paname\u00f1os recoge los trabajos m\u00e1s [&hellip;]<\/p>\n","protected":false},"author":1,"featured_media":0,"parent":0,"menu_order":0,"comment_status":"closed","ping_status":"closed","template":"","meta":{"_exactmetrics_skip_tracking":false,"_exactmetrics_sitenote_active":false,"_exactmetrics_sitenote_note":"","_exactmetrics_sitenote_category":0,"footnotes":""},"class_list":["post-785","page","type-page","status-publish","hentry"],"_links":{"self":[{"href":"http:\/\/salacela.net\/es\/wp-json\/wp\/v2\/pages\/785","targetHints":{"allow":["GET"]}}],"collection":[{"href":"http:\/\/salacela.net\/es\/wp-json\/wp\/v2\/pages"}],"about":[{"href":"http:\/\/salacela.net\/es\/wp-json\/wp\/v2\/types\/page"}],"author":[{"embeddable":true,"href":"http:\/\/salacela.net\/es\/wp-json\/wp\/v2\/users\/1"}],"replies":[{"embeddable":true,"href":"http:\/\/salacela.net\/es\/wp-json\/wp\/v2\/comments?post=785"}],"version-history":[{"count":11,"href":"http:\/\/salacela.net\/es\/wp-json\/wp\/v2\/pages\/785\/revisions"}],"predecessor-version":[{"id":1102,"href":"http:\/\/salacela.net\/es\/wp-json\/wp\/v2\/pages\/785\/revisions\/1102"}],"wp:attachment":[{"href":"http:\/\/salacela.net\/es\/wp-json\/wp\/v2\/media?parent=785"}],"curies":[{"name":"wp","href":"https:\/\/api.w.org\/{rel}","templated":true}]}}