{"id":781,"date":"2017-07-19T21:40:22","date_gmt":"2017-07-19T21:40:22","guid":{"rendered":"http:\/\/salacela.net\/es\/?page_id=781"},"modified":"2019-06-05T16:40:53","modified_gmt":"2019-06-05T16:40:53","slug":"objetivos-y-cobertura-tematica","status":"publish","type":"page","link":"http:\/\/salacela.net\/es\/objetivos-y-cobertura-tematica\/","title":{"rendered":"Objetivos y cobertura tem\u00e1tica"},"content":{"rendered":"<div class=\"wpb-content-wrapper\"><p>[vc_row wrap_container=\u00bbyes\u00bb is_section=\u00bbyes\u00bb remove_margin_top=\u00bbyes\u00bb remove_border=\u00bbyes\u00bb bg_type=\u00bbgrad\u00bb bg_grad=\u00bbbackground: -webkit-gradient(linear, left top, left bottom, color-stop(0%, #C7E9EB), color-stop(55%, #FFFFFF));background: -moz-linear-gradient(top,#C7E9EB 0%,#FFFFFF 55%);background: -webkit-linear-gradient(top,#C7E9EB 0%,#FFFFFF 55%);background: -o-linear-gradient(top,#C7E9EB 0%,#FFFFFF 55%);background: -ms-linear-gradient(top,#C7E9EB 0%,#FFFFFF 55%);background: linear-gradient(top,#C7E9EB 0%,#FFFFFF 55%);\u00bb][vc_column][vc_custom_heading text=\u00bbObjetivos y coberturas tem\u00e1ticas\u00bb font_container=\u00bbtag:h2|font_size:36|text_align:left\u00bb use_theme_fonts=\u00bbyes\u00bb el_class=\u00bbm-b-md\u00bb][vc_separator color=\u00bbcustom\u00bb align=\u00bbalign_left\u00bb border_width=\u00bb3&#8243; type=\u00bbsmall\u00bb accent_color=\u00bb#cfa968&#8243;][vc_column_text]<\/p>\n<p style=\"text-align: justify;\">Cuando la revista <em>TAREAS<\/em> se fund\u00f3 en 1960 el grupo de \u2018j\u00f3venes intelectuales\u2019 &#8211; tal como se llamaban a s\u00ed mismos &#8211; plante\u00f3 que la nueva publicaci\u00f3n se dedicar\u00eda a \u2018interpretar los problemas nacionales a trav\u00e9s de coincidentes supuestos y categor\u00edas, y la aspiraci\u00f3n a cancelar esos mismos problemas a trav\u00e9s de un pensamiento que a la vez derive e incida sobre lo concreto\u2019. Desde aquella \u00e9poca, la realidad paname\u00f1a y los problemas que enfrenta se han transformado muchas veces. Sin embargo, los objetivos de la revista siguen vigentes: \u201cinterpretar los problemas nacionales\u201d con el prop\u00f3sito de proponer soluciones que se validen en el marco de los estudios del m\u00e1s alto rigor.<\/p>\n<p style=\"text-align: justify;\">Los j\u00f3venes intelectuales \u2013 fil\u00f3sofos, historiadores y juristas \u2013 ten\u00edan objetivos claros en el marco de una realidad cultural que quer\u00edan conocer mejor. El n\u00facleo se rode\u00f3 de economistas, soci\u00f3logos y polit\u00f3logos para aplicar el m\u00e9todo de las ciencias sociales. Incluso, no faltaban matem\u00e1ticos, f\u00edsicos y bi\u00f3logos que junto con artistas, periodistas y artesanos se reun\u00edan para escudri\u00f1ar la realidad con el fin de producir nuevos conocimientos.<\/p>\n<p style=\"text-align: justify;\">Han pasado 56 a\u00f1os y la revista ha cambiado. Los temas y los retos son nuevos y los investigadores han sido reemplazados por nuevas generaciones. El objeto de estudio sigue siendo el mismo: la naci\u00f3n paname\u00f1a, sin perder de vista que es un eslab\u00f3n en un mundo cambiante. A su vez, el m\u00e9todo de estudio ha alcanzado nuevas alturas sin perder su base que se sostiene sobre la ciencia y las humanidades.<\/p>\n<p style=\"text-align: justify;\">En la actualidad, la revista convoca a los estudiosos paname\u00f1os y de otras nacionalidades a publicar los resultados de sus investigaciones en sus p\u00e1ginas. Tres veces al a\u00f1o la revista sale a la luz p\u00fablica con un conjunto de art\u00edculos que son revisados cuidadosamente y preparados para aparecer en forma coherente para un p\u00fablico cada vez m\u00e1s exigente. <em>TAREAS<\/em> mantiene su compromiso con los fundadores quienes no abandonaron su objetivo que siempre fue interpretar los problemas nacionales.<\/p>\n<p style=\"text-align: justify;\">La revista privilegia los art\u00edculos que provienen de las ciencias sociales y el m\u00e9todo de investigaci\u00f3n de esa \u00e1rea del conocimiento. Tambi\u00e9n privilegia los ensayos de los mejores escritores que enfocan los problemas nacionales e internacionales. Igualmente, se mantiene al tanto de los avances en el campo de la literatura y sus expresiones.<\/p>\n<p style=\"text-align: justify;\">La producci\u00f3n y difusi\u00f3n de conocimiento nuevo y la cultura constituyen un todo din\u00e1mico. <em>Tareas<\/em> considera que la realidad econ\u00f3mica, social y pol\u00edtica configura una totalidad din\u00e1mica dentro de la cual hay variables condicionantes y condicionadas. El esp\u00edritu es, por cierto, una variable condicionada, pero din\u00e1mica. Cultura y pensamiento son, pues, reflejos de coyunturas hist\u00f3ricas y sociales.<\/p>\n<p style=\"text-align: justify;\">La revista es un espacio acad\u00e9mico, de publicaci\u00f3n cuatrimestral, utilizado para analizar las teor\u00edas cr\u00edticas que abordan la realidad nacional e internacional. Desde la publicaci\u00f3n del primer n\u00famero en octubre de 1960, hasta el presente, el objetivo del debate es la aproximaci\u00f3n a la realidad social desde una visi\u00f3n rigurosa, multidisciplinaria e interdisciplinaria. Es una revista cr\u00edtica de los enfoques ortodoxos que tienen como objetivo el pensamiento \u00fanico. Invita a todos los investigadores de pensamiento cr\u00edtico a contribuir a sus p\u00e1ginas.<\/p>\n<p>Hacemos nuestras las palabras del director fundador de TAREAS, Ricaurte Soler: \u201cEn la seguridad de que hay un p\u00fablico paname\u00f1o, culto y responsable, que siente, como nosotros, la necesidad de acometer \u201ctareas\u201d, ofrecemos a su consideraci\u00f3n esta revista. Su \u00e9xito no s\u00f3lo ser\u00eda nuestro, sino tambi\u00e9n de ese p\u00fablico al cual hoy nos dirigimos\u201d.[\/vc_column_text][\/vc_column][\/vc_row]<\/p>\n<\/div>","protected":false},"excerpt":{"rendered":"<p>[vc_row wrap_container=\u00bbyes\u00bb is_section=\u00bbyes\u00bb remove_margin_top=\u00bbyes\u00bb remove_border=\u00bbyes\u00bb bg_type=\u00bbgrad\u00bb bg_grad=\u00bbbackground: -webkit-gradient(linear, left top, left bottom, color-stop(0%, #C7E9EB), color-stop(55%, #FFFFFF));background: -moz-linear-gradient(top,#C7E9EB 0%,#FFFFFF 55%);background: -webkit-linear-gradient(top,#C7E9EB 0%,#FFFFFF 55%);background: -o-linear-gradient(top,#C7E9EB 0%,#FFFFFF 55%);background: -ms-linear-gradient(top,#C7E9EB 0%,#FFFFFF 55%);background: linear-gradient(top,#C7E9EB 0%,#FFFFFF 55%);\u00bb][vc_column][vc_custom_heading text=\u00bbObjetivos y coberturas tem\u00e1ticas\u00bb font_container=\u00bbtag:h2|font_size:36|text_align:left\u00bb use_theme_fonts=\u00bbyes\u00bb el_class=\u00bbm-b-md\u00bb][vc_separator color=\u00bbcustom\u00bb align=\u00bbalign_left\u00bb border_width=\u00bb3&#8243; type=\u00bbsmall\u00bb accent_color=\u00bb#cfa968&#8243;][vc_column_text] Cuando la revista TAREAS se fund\u00f3 en 1960 el grupo de \u2018j\u00f3venes [&hellip;]<\/p>\n","protected":false},"author":1,"featured_media":0,"parent":0,"menu_order":0,"comment_status":"closed","ping_status":"closed","template":"","meta":{"_exactmetrics_skip_tracking":false,"_exactmetrics_sitenote_active":false,"_exactmetrics_sitenote_note":"","_exactmetrics_sitenote_category":0,"footnotes":""},"class_list":["post-781","page","type-page","status-publish","hentry"],"_links":{"self":[{"href":"http:\/\/salacela.net\/es\/wp-json\/wp\/v2\/pages\/781","targetHints":{"allow":["GET"]}}],"collection":[{"href":"http:\/\/salacela.net\/es\/wp-json\/wp\/v2\/pages"}],"about":[{"href":"http:\/\/salacela.net\/es\/wp-json\/wp\/v2\/types\/page"}],"author":[{"embeddable":true,"href":"http:\/\/salacela.net\/es\/wp-json\/wp\/v2\/users\/1"}],"replies":[{"embeddable":true,"href":"http:\/\/salacela.net\/es\/wp-json\/wp\/v2\/comments?post=781"}],"version-history":[{"count":5,"href":"http:\/\/salacela.net\/es\/wp-json\/wp\/v2\/pages\/781\/revisions"}],"predecessor-version":[{"id":2351,"href":"http:\/\/salacela.net\/es\/wp-json\/wp\/v2\/pages\/781\/revisions\/2351"}],"wp:attachment":[{"href":"http:\/\/salacela.net\/es\/wp-json\/wp\/v2\/media?parent=781"}],"curies":[{"name":"wp","href":"https:\/\/api.w.org\/{rel}","templated":true}]}}