{"id":768,"date":"2017-07-19T21:04:14","date_gmt":"2017-07-19T21:04:14","guid":{"rendered":"http:\/\/salacela.net\/es\/?page_id=768"},"modified":"2019-06-05T16:52:11","modified_gmt":"2019-06-05T16:52:11","slug":"instructivo-para-los-autores","status":"publish","type":"page","link":"http:\/\/salacela.net\/es\/instructivo-para-los-autores\/","title":{"rendered":"Instructivo para los autores"},"content":{"rendered":"<div class=\"wpb-content-wrapper\"><p>[vc_row wrap_container=\u00bbyes\u00bb is_section=\u00bbyes\u00bb remove_margin_top=\u00bbyes\u00bb remove_border=\u00bbyes\u00bb bg_type=\u00bbgrad\u00bb bg_grad=\u00bbbackground: -webkit-gradient(linear, left top, left bottom, color-stop(0%, #C7E9EB), color-stop(55%, #FFFFFF));background: -moz-linear-gradient(top,#C7E9EB 0%,#FFFFFF 55%);background: -webkit-linear-gradient(top,#C7E9EB 0%,#FFFFFF 55%);background: -o-linear-gradient(top,#C7E9EB 0%,#FFFFFF 55%);background: -ms-linear-gradient(top,#C7E9EB 0%,#FFFFFF 55%);background: linear-gradient(top,#C7E9EB 0%,#FFFFFF 55%);\u00bb][vc_column][vc_custom_heading text=\u00bbInstructivo para los Autores\u00bb font_container=\u00bbtag:h2|font_size:36|text_align:left\u00bb use_theme_fonts=\u00bbyes\u00bb el_class=\u00bbm-b-md\u00bb][vc_separator color=\u00bbcustom\u00bb align=\u00bbalign_left\u00bb border_width=\u00bb3&#8243; type=\u00bbsmall\u00bb accent_color=\u00bb#cfa968&#8243;][vc_column_text]<\/p>\n<p style=\"text-align: justify;\">Tareas recibe art\u00edculos siempre que \u00e9stos se ajusten a la pol\u00edtica editorial y a las normas de presentaci\u00f3n de originales y que sean in\u00e9ditos. Se espera que sean de preferencia resultados o avances de investigaci\u00f3n en\u00a0 cualquier \u00e1rea de las ciencias sociales. Tambi\u00e9n se aceptan ensayos sobre temas hist\u00f3ricos y contempor\u00e1neos que se apoyen s\u00f3lidamente en bibliograf\u00eda especializada, an\u00e1lisis de coyuntura nacional o internacional que partan de aproximados acad\u00e9micos y\/o entrevistas de inter\u00e9s para el campo de las ciencias sociales y con perspectiva cr\u00edtica. Se promueve el pensamiento cr\u00edtico con la intenci\u00f3n de incidir sobre lo concreto.<\/p>\n<p style=\"text-align: justify;\">Los art\u00edculos recibidos ser\u00e1n sometidos a una evaluaci\u00f3n que valorar\u00e1 la pertinencia tem\u00e1tica, originalidad y calidad del texto. Si el resultado es positivo entrar\u00e1 en un proceso de arbitraje bajo el sistema de revisi\u00f3n por pares. Consiste en pasar cada art\u00edculo por el filtro de al menos dos revisores acad\u00e9micos y an\u00f3nimos. En caso de discrepancia, se enviar\u00e1 a un tercer revisor, cuyo criterio definir\u00e1 su publicaci\u00f3n. Los resultados ser\u00e1n inapelables en todos los casos.<\/p>\n<p style=\"text-align: justify;\">El Comit\u00e9 editorial de Tareas se reserva el derecho \u00faltimo de decidir sobre la publicaci\u00f3n de los art\u00edculos, el n\u00famero y la secci\u00f3n en que aparecer\u00e1n, as\u00ed como el derecho de hacer correcciones menores de estilo, mientras que los autores conservan el derecho de reproducci\u00f3n, siempre que se haga menci\u00f3n de la fuente y se env\u00ede copia a la redacci\u00f3n.\u00a0 Los art\u00edculos se deben enviar v\u00eda correo electr\u00f3nico a las siguiente direcci\u00f3n:\u00a0 <em><strong>cela@salacela.net<\/strong><\/em><\/p>\n<p>[\/vc_column_text][vc_column_text]<\/p>\n<h4>Formato del documento<\/h4>\n<p>[\/vc_column_text][vc_column_text]<\/p>\n<p style=\"text-align: justify;\">Los art\u00edculos deben estar escritos en formato Word, en letra Bookman Old Style, tama\u00f1o 10, interlineado sencillo, paginado, en papel tama\u00f1o carta. Las notas deben ir al final del art\u00edculo, antes de la bibliograf\u00eda, en letra Bookman Old Style, tama\u00f1o 8 e interlineado sencillo. La extensi\u00f3n m\u00e1xima de los art\u00edculos es de 7.400 palabras o 47.000 caracteres con espacios, incluyendo las notas al pie y la bibliograf\u00eda.<\/p>\n<p style=\"text-align: justify;\">Las citas textuales que sobrepasen los tres renglones deben colocarse en formato de cita larga, letra tama\u00f1o 9, con un margen izquierdo de dos cent\u00edmetros (media pulgada).<\/p>\n<p style=\"text-align: justify;\">El uso de <em>it\u00e1licas <\/em>se reservar\u00e1 para resaltar aquellos conceptos o ideas que el autor quiera destacar. En ning\u00fan caso deber\u00e1 usarse <strong>negrita <\/strong>o <u>subrayado <\/u>a este efecto. Las it\u00e1licas se aplicar\u00e1n tambi\u00e9n a todo t\u00e9rmino en idioma extranjero que el autor utilice en el texto.<\/p>\n<p>[\/vc_column_text][vc_column_text]<\/p>\n<h4>Bibliograf\u00eda<br \/>\n<em>Para libro <\/em><\/h4>\n<p>[\/vc_column_text][vc_column_text]<\/p>\n<ul>\n<li>\uf0b7 Apellido, nombre completo del autor<\/li>\n<li>\uf0b7 (ed.) (eds.) (comp.) (comps.) (org.) (orgs.) [seg\u00fan corresponda]<\/li>\n<li>\uf0b7 A\u00f1o de edici\u00f3n (si se conoce, se puede colocar entre par\u00e9ntesis el a\u00f1o de publicaci\u00f3n original de la obra)<\/li>\n<li><em>T\u00edtulo de la obra en cursiva<\/em><\/li>\n<li>\uf0b7 (Ciudad\/es: Editorial\/es)<\/li>\n<li>\uf0b7 Vol., Tomo [si los hubiere]<\/li>\n<\/ul>\n<p>[\/vc_column_text][vc_column_text]<em>Ejemplo<\/em><\/p>\n<table>\n<tbody>\n<tr>\n<td width=\"378\">\n<blockquote><p>Ortiz, Sutti, 1999a,\u00a0<em>Harvesting coffe, bargaining wages. Rural labor in <\/em><em>Colombia, 1975-1990,\u00a0<\/em>Michigan, University of Michigan.<\/p><\/blockquote>\n<\/td>\n<\/tr>\n<\/tbody>\n<\/table>\n<p>[\/vc_column_text][vc_column_text]<\/p>\n<h4>Para art\u00edculo de libro<\/h4>\n<p>[\/vc_column_text][vc_column_text]<\/p>\n<ul>\n<li>\uf0b7 Apellido, nombre completo del autor<\/li>\n<li>\uf0b7 A\u00f1o de edici\u00f3n (Si se conoce, se puede colocar entre par\u00e9ntesis el a\u00f1o de publicaci\u00f3n original de la obra)<\/li>\n<li>\uf0b7 \u201cT\u00edtulo del art\u00edculo\u201d entre comillas<\/li>\n<li>\uf0b7 en (citar autor\/es de la obra y nombre del libro)<\/li>\n<li>\uf0b7 Apellido, nombre completo del coordinador\/es o compilador\/es de la publicaci\u00f3n [si corresponde]<\/li>\n<li>\uf0b7 (ed.) (eds.) (comp.) (comps.) (org.) (orgs.) [seg\u00fan corresponda]<\/li>\n<li><em>T\u00edtulo de la obra en cursiva<\/em><\/li>\n<li>\uf0b7 Ciudad, Editorial<\/li>\n<li>\uf0b7 Vol., Tomo [si los hubiere]<\/li>\n<\/ul>\n<p>[\/vc_column_text][vc_column_text]<em>Ejemplo<\/em><\/p>\n<table>\n<tbody>\n<tr>\n<td width=\"387\">\n<blockquote><p>Diamond, Mart\u00edn, 1996 (1963), \u201cEl Federalista\u201d en Strauss, Leo y Cropsey,<\/p>\n<p>Joseph (comps.) <em>Historia de la Filosof\u00eda Pol\u00edtica,\u00a0<\/em>M\u00e9xico DF, Fondo de\u00a0Cultura Econ\u00f3mica.<\/p><\/blockquote>\n<\/td>\n<\/tr>\n<\/tbody>\n<\/table>\n<p>[\/vc_column_text][vc_column_text]<\/p>\n<h4>Para art\u00edculos de revistas, diarios y peri\u00f3dicos<\/h4>\n<p>[\/vc_column_text][vc_column_text]<\/p>\n<ul>\n<li>\uf0b7 Apellido, nombre completo del autor<\/li>\n<li>\uf0b7 A\u00f1o de edici\u00f3n<\/li>\n<li>\uf0b7 \u201cT\u00edtulo del art\u00edculo\u201d (entre comillas, NO en cursiva)<\/li>\n<li>\uf0b7 en<\/li>\n<li><em>Nombre de la revista en cursiva <\/em>(NO subrayado)<\/li>\n<li>\uf0b7 Ciudad de publicaci\u00f3n<\/li>\n<li>\uf0b7 Vol., N\u00ba de la revista citada, d\u00eda y mes<\/li>\n<\/ul>\n<p>[\/vc_column_text][vc_column_text]<em>Ejemplo<\/em><\/p>\n<table>\n<tbody>\n<tr>\n<td width=\"408\">\n<blockquote><p>Cece\u00f1a, Ana Esther, 2004, \u201cMilitarizaci\u00f3n y resistencia\u201d, en <em>OSAL,\u00a0<\/em>Buenos Aires, CLACSO N\u00ba 15, septiembre-diciembre.<\/p><\/blockquote>\n<\/td>\n<\/tr>\n<\/tbody>\n<\/table>\n<p>[\/vc_column_text][vc_column_text]<\/p>\n<h4>Recursos tomados de la web<\/h4>\n<p>[\/vc_column_text][vc_column_text]<\/p>\n<p style=\"text-align: justify;\">Citar los datos seg\u00fan se trate de un libro, art\u00edculo de libro, revista o art\u00edculo de diario o peri\u00f3dico. Incluir la fecha de publicaci\u00f3n electr\u00f3nica, la fecha de la \u00faltima actualizaci\u00f3n disponible, y la fecha en que se accedi\u00f3 al sitio web y se tom\u00f3 la cita, as\u00ed como la direcci\u00f3n electr\u00f3nica o URL entre &lt; &gt;.<\/p>\n<p>[\/vc_column_text][vc_column_text]<\/p>\n<h4>Otras disposiciones<\/h4>\n<p>[\/vc_column_text][vc_column_text]<\/p>\n<ul>\n<li>\uf0b7 Se debe incluir un resumen de 90 palabras y aportar cinco palabras clave.<\/li>\n<li>\uf0b7 Abstract. Traducci\u00f3n fiel del resumen al idioma ingl\u00e9s.<\/li>\n<li>\uf0b7 Key words. Las mismas palabras clave traducidas al ingl\u00e9s.<\/li>\n<li>\uf0b7 El art\u00edculo debe adaptarse en lo posible al g\u00e9nero ensayo y contener una introducci\u00f3n, secci\u00f3n te\u00f3rica y an\u00e1lisis de datos emp\u00edrico.<\/li>\n<\/ul>\n<p>[\/vc_column_text][\/vc_column][\/vc_row]<\/p>\n<\/div>","protected":false},"excerpt":{"rendered":"<p>[vc_row wrap_container=\u00bbyes\u00bb is_section=\u00bbyes\u00bb remove_margin_top=\u00bbyes\u00bb remove_border=\u00bbyes\u00bb bg_type=\u00bbgrad\u00bb bg_grad=\u00bbbackground: -webkit-gradient(linear, left top, left bottom, color-stop(0%, #C7E9EB), color-stop(55%, #FFFFFF));background: -moz-linear-gradient(top,#C7E9EB 0%,#FFFFFF 55%);background: -webkit-linear-gradient(top,#C7E9EB 0%,#FFFFFF 55%);background: -o-linear-gradient(top,#C7E9EB 0%,#FFFFFF 55%);background: -ms-linear-gradient(top,#C7E9EB 0%,#FFFFFF 55%);background: linear-gradient(top,#C7E9EB 0%,#FFFFFF 55%);\u00bb][vc_column][vc_custom_heading text=\u00bbInstructivo para los Autores\u00bb font_container=\u00bbtag:h2|font_size:36|text_align:left\u00bb use_theme_fonts=\u00bbyes\u00bb el_class=\u00bbm-b-md\u00bb][vc_separator color=\u00bbcustom\u00bb align=\u00bbalign_left\u00bb border_width=\u00bb3&#8243; type=\u00bbsmall\u00bb accent_color=\u00bb#cfa968&#8243;][vc_column_text] Tareas recibe art\u00edculos siempre que \u00e9stos se ajusten a la pol\u00edtica editorial [&hellip;]<\/p>\n","protected":false},"author":1,"featured_media":0,"parent":0,"menu_order":0,"comment_status":"closed","ping_status":"closed","template":"","meta":{"_exactmetrics_skip_tracking":false,"_exactmetrics_sitenote_active":false,"_exactmetrics_sitenote_note":"","_exactmetrics_sitenote_category":0,"footnotes":""},"class_list":["post-768","page","type-page","status-publish","hentry"],"_links":{"self":[{"href":"http:\/\/salacela.net\/es\/wp-json\/wp\/v2\/pages\/768","targetHints":{"allow":["GET"]}}],"collection":[{"href":"http:\/\/salacela.net\/es\/wp-json\/wp\/v2\/pages"}],"about":[{"href":"http:\/\/salacela.net\/es\/wp-json\/wp\/v2\/types\/page"}],"author":[{"embeddable":true,"href":"http:\/\/salacela.net\/es\/wp-json\/wp\/v2\/users\/1"}],"replies":[{"embeddable":true,"href":"http:\/\/salacela.net\/es\/wp-json\/wp\/v2\/comments?post=768"}],"version-history":[{"count":21,"href":"http:\/\/salacela.net\/es\/wp-json\/wp\/v2\/pages\/768\/revisions"}],"predecessor-version":[{"id":2352,"href":"http:\/\/salacela.net\/es\/wp-json\/wp\/v2\/pages\/768\/revisions\/2352"}],"wp:attachment":[{"href":"http:\/\/salacela.net\/es\/wp-json\/wp\/v2\/media?parent=768"}],"curies":[{"name":"wp","href":"https:\/\/api.w.org\/{rel}","templated":true}]}}