{"id":761,"date":"2017-07-19T20:49:29","date_gmt":"2017-07-19T20:49:29","guid":{"rendered":"http:\/\/salacela.net\/es\/?page_id=761"},"modified":"2025-11-27T17:01:44","modified_gmt":"2025-11-27T17:01:44","slug":"declaracion-etica","status":"publish","type":"page","link":"http:\/\/salacela.net\/es\/declaracion-etica\/","title":{"rendered":"Declaraci\u00f3n \u00c9tica"},"content":{"rendered":"<div class=\"wpb-content-wrapper\"><p>[vc_row wrap_container=\u00bbyes\u00bb is_section=\u00bbyes\u00bb remove_margin_top=\u00bbyes\u00bb remove_border=\u00bbyes\u00bb bg_type=\u00bbgrad\u00bb bg_grad=\u00bbbackground: -webkit-gradient(linear, left top, left bottom, color-stop(0%, #C7E9EB), color-stop(55%, #FFFFFF));background: -moz-linear-gradient(top,#C7E9EB 0%,#FFFFFF 55%);background: -webkit-linear-gradient(top,#C7E9EB 0%,#FFFFFF 55%);background: -o-linear-gradient(top,#C7E9EB 0%,#FFFFFF 55%);background: -ms-linear-gradient(top,#C7E9EB 0%,#FFFFFF 55%);background: linear-gradient(top,#C7E9EB 0%,#FFFFFF 55%);\u00bb][vc_column][vc_custom_heading text=\u00bbDeclaraci\u00f3n \u00c9tica\u00bb font_container=\u00bbtag:h2|font_size:36|text_align:left\u00bb use_theme_fonts=\u00bbyes\u00bb el_class=\u00bbm-b-md\u00bb][vc_separator color=\u00bbcustom\u00bb align=\u00bbalign_left\u00bb border_width=\u00bb3&#8243; type=\u00bbsmall\u00bb accent_color=\u00bb#cfa968&#8243;][vc_column_text css=\u00bb\u00bb css_params=\u00bb\u00bb]<\/p>\n<p style=\"text-align: justify;\">El Centro de Estudios Latinoamericanos, (CELA), \u201cJusto Arosemena\u201d vela por la transmisi\u00f3n del conocimiento cient\u00edfico riguroso. Trata de garantizar que los art\u00edculos publicados cumplan con los criterios que establece la \u201cComisi\u00f3n de\u00a0\u00c9tica\u201d de la Universidad de Panam\u00e1 (UP). Todos las partes implicadas en el proceso de edici\u00f3n, editor, autores, miembros del comit\u00e9 editorial y evaluadores, deber\u00e1n conocer estos criterios.<\/p>\n<h4>Comit\u00e9 editorial<\/h4>\n<ul>\n<li>Se hace responsable de la decisi\u00f3n de publicar o no los art\u00edculos recibidos que deber\u00e1n ser examinados sin tener cuenta la raza, el sexo, la orientaci\u00f3n sexual, la religi\u00f3n, la ciudadan\u00eda y el origen \u00e9tnico de los autores.<\/li>\n<li>Se compromete a publicar las aclaraciones y disculpas necesaria de lo que considere conveniente. Tambi\u00e9n a no publicar art\u00edculos sin el consentimiento de los autores.<\/li>\n<li>Garantiza la efectividad del proceso de evaluaci\u00f3n, as\u00ed como la confiabilidad y asegura que toda la din\u00e1mica se realice bajo el absoluto anonimato.<\/li>\n<li>Se compromete a respetar la integridad de los art\u00edculos y no realizar cambio de contenido sin el consentimiento de los autores.<\/li>\n<li>Se compromete a no publicar art\u00edculos plagiados, as\u00ed como establecer los mecanismos necesarios que garanticen la autor\u00eda de los\u00a0ensayos.<\/li>\n<\/ul>\n<p><strong>Miembro del Comit\u00e9 Editorial<\/strong><\/p>\n<ul>\n<li>Marco A. Gand\u00e1segui h,<\/li>\n<li>Carmen A. Mir\u00f3 G.<\/li>\n<li>Didimo Castillo F.<\/li>\n<li>Briseida Allard O.<\/li>\n<li>Azael Carrera H.<\/li>\n<li>Alfredo Figueroa N.<\/li>\n<li>Nitzia Barrante<\/li>\n<li>Richard Morales<\/li>\n<\/ul>\n<p><strong>Consejo Editorial Internacional<\/strong><\/p>\n<ul>\n<li>Atilio Bor\u00f3n , Argentina<\/li>\n<li>Ana Esther Cece\u00f1a, M\u00e9xico<\/li>\n<li>Allen Cordero, Costa Rica<\/li>\n<li>Pablo Gentili, Argentina<\/li>\n<li>Pablo Gonz\u00e1lez Casanova, M\u00e9xico<\/li>\n<li>Jaime Preciado, M\u00e9xico<\/li>\n<li>Jer\u00f3nimo de Sierra, Uruguay<\/li>\n<li>Immanuel Wallertein, EEUU<\/li>\n<li>Jaime Zuluaga, Colombia<\/li>\n<\/ul>\n<h4>Los autores<\/h4>\n<ul>\n<li>Deben hacerse responsable del contenido del art\u00edculo.<\/li>\n<li>En caso de que un art\u00edculo publicado contenga un error, los autores deber\u00e1n comprometerse en informar al editor para que se introduzcan las correcciones oportunas.<\/li>\n<li>Garantizar que los art\u00edculos son originales y que no infringen el derecho de autor. En caso de coautor\u00eda, quien env\u00ede el art\u00edculo deber\u00e1 demostrar el consentimiento de todos los involucrados.<\/li>\n<\/ul>\n<p>Tareas mantiene una pol\u00edtica de acceso abierto, cree fielmente en el derecho a la ciencia y al conocimiento\u00a0 como pilares fundamentales para la construcci\u00f3n de sociedades democr\u00e1ticas, inclusivas y participativas. Basados en esta filosof\u00eda, permite leer y descargar de forma gratuita todos los art\u00edculos. Su procesamiento (evaluaci\u00f3n y publicaci\u00f3n) no implica costos monetarios para nadie.<\/p>\n<h4>Los evaluadores<\/h4>\n<ul>\n<li>Se comprometen a hacer una revisi\u00f3n objetiva, informada, cr\u00edtica, constructiva e imparcial del art\u00edculo. La aceptaci\u00f3n o el rechazo se basan \u00fanicamente en la relevancia del trabajo, su originalidad, el inter\u00e9s y el cumplimiento de las normas de estilo y de contenido indicadas en los criterios editoriales que establece la revista <em>Tareas<\/em>.<\/li>\n<li>Deben garantizar que el proceso de revisi\u00f3n ocurra en la mayor brevedad posible y garantizar la calidad de \u00e9ste.<\/li>\n<li>No compartir informaci\u00f3n de los art\u00edculos sin el consentimiento de la revista y de los autores.<\/li>\n<\/ul>\n<p>[\/vc_column_text][\/vc_column][\/vc_row]<\/p>\n<\/div>","protected":false},"excerpt":{"rendered":"<p>[vc_row wrap_container=\u00bbyes\u00bb is_section=\u00bbyes\u00bb remove_margin_top=\u00bbyes\u00bb remove_border=\u00bbyes\u00bb bg_type=\u00bbgrad\u00bb bg_grad=\u00bbbackground: -webkit-gradient(linear, left top, left bottom, color-stop(0%, #C7E9EB), color-stop(55%, #FFFFFF));background: -moz-linear-gradient(top,#C7E9EB 0%,#FFFFFF 55%);background: -webkit-linear-gradient(top,#C7E9EB 0%,#FFFFFF 55%);background: -o-linear-gradient(top,#C7E9EB 0%,#FFFFFF 55%);background: -ms-linear-gradient(top,#C7E9EB 0%,#FFFFFF 55%);background: linear-gradient(top,#C7E9EB 0%,#FFFFFF 55%);\u00bb][vc_column][vc_custom_heading text=\u00bbDeclaraci\u00f3n \u00c9tica\u00bb font_container=\u00bbtag:h2|font_size:36|text_align:left\u00bb use_theme_fonts=\u00bbyes\u00bb el_class=\u00bbm-b-md\u00bb][vc_separator color=\u00bbcustom\u00bb align=\u00bbalign_left\u00bb border_width=\u00bb3&#8243; type=\u00bbsmall\u00bb accent_color=\u00bb#cfa968&#8243;][vc_column_text css=\u00bb\u00bb css_params=\u00bb\u00bb] El Centro de Estudios Latinoamericanos, (CELA), \u201cJusto Arosemena\u201d vela por la transmisi\u00f3n [&hellip;]<\/p>\n","protected":false},"author":1,"featured_media":0,"parent":0,"menu_order":0,"comment_status":"closed","ping_status":"closed","template":"","meta":{"_exactmetrics_skip_tracking":false,"_exactmetrics_sitenote_active":false,"_exactmetrics_sitenote_note":"","_exactmetrics_sitenote_category":0,"footnotes":""},"class_list":["post-761","page","type-page","status-publish","hentry"],"_links":{"self":[{"href":"http:\/\/salacela.net\/es\/wp-json\/wp\/v2\/pages\/761","targetHints":{"allow":["GET"]}}],"collection":[{"href":"http:\/\/salacela.net\/es\/wp-json\/wp\/v2\/pages"}],"about":[{"href":"http:\/\/salacela.net\/es\/wp-json\/wp\/v2\/types\/page"}],"author":[{"embeddable":true,"href":"http:\/\/salacela.net\/es\/wp-json\/wp\/v2\/users\/1"}],"replies":[{"embeddable":true,"href":"http:\/\/salacela.net\/es\/wp-json\/wp\/v2\/comments?post=761"}],"version-history":[{"count":11,"href":"http:\/\/salacela.net\/es\/wp-json\/wp\/v2\/pages\/761\/revisions"}],"predecessor-version":[{"id":3100,"href":"http:\/\/salacela.net\/es\/wp-json\/wp\/v2\/pages\/761\/revisions\/3100"}],"wp:attachment":[{"href":"http:\/\/salacela.net\/es\/wp-json\/wp\/v2\/media?parent=761"}],"curies":[{"name":"wp","href":"https:\/\/api.w.org\/{rel}","templated":true}]}}