{"id":721,"date":"2017-06-22T18:13:48","date_gmt":"2017-06-22T18:13:48","guid":{"rendered":"http:\/\/salacela.net\/es\/?page_id=721"},"modified":"2018-03-04T20:56:30","modified_gmt":"2018-03-04T20:56:30","slug":"1900-1925","status":"publish","type":"page","link":"http:\/\/salacela.net\/es\/1900-1925\/","title":{"rendered":"1900-1925"},"content":{"rendered":"<div class=\"wpb-content-wrapper\"><p>[vc_row wrap_container=\u00bbyes\u00bb is_section=\u00bbyes\u00bb remove_margin_top=\u00bbyes\u00bb remove_border=\u00bbyes\u00bb bg_type=\u00bbgrad\u00bb bg_grad=\u00bbbackground: -webkit-gradient(linear, left top, left bottom, color-stop(0%, #C7E9EB), color-stop(55%, #FFFFFF));background: -moz-linear-gradient(top,#C7E9EB 0%,#FFFFFF 55%);background: -webkit-linear-gradient(top,#C7E9EB 0%,#FFFFFF 55%);background: -o-linear-gradient(top,#C7E9EB 0%,#FFFFFF 55%);background: -ms-linear-gradient(top,#C7E9EB 0%,#FFFFFF 55%);background: linear-gradient(top,#C7E9EB 0%,#FFFFFF 55%);\u00bb][vc_column][vc_custom_heading text=\u00bbBibliograf\u00eda Paname\u00f1a &gt; 1900 &#8211; 1925&#8243; font_container=\u00bbtag:h2|font_size:36|text_align:left\u00bb use_theme_fonts=\u00bbyes\u00bb el_class=\u00bbm-b-md\u00bb][vc_separator color=\u00bbcustom\u00bb align=\u00bbalign_left\u00bb border_width=\u00bb3&#8243; type=\u00bbsmall\u00bb accent_color=\u00bb#cfa968&#8243;][vc_column_text]<\/p>\n<p style=\"text-align: justify;\">La Biblioteca Digital de Autores Paname\u00f1os recoge los trabajos m\u00e1s significativos del siglo XX, relacionados con las ciencias sociales. Se procedi\u00f3 a dividir la Biblioteca en cuatro per\u00edodos. En primer lugar, el nacimiento de la Rep\u00fablica (1903-1925). En segundo lugar, la consolidaci\u00f3n del Estado (1926-1950). En tercer lugar, el Estado desarrollista y la cuesti\u00f3n nacional (1951-1975). Por \u00faltimo, en cuarto lugar, los autores que escribieron en la etapa de perfeccionamiento de la soberan\u00eda y de las pol\u00edticas neoliberales (1976-2000).<\/p>\n<p style=\"text-align: justify;\">El navegante virtual encontrar\u00e1, en la actualidad, un total de 16 trabajos de igual n\u00famero de autores. M\u00e1s adelante, se agregar\u00e1n autores representativos de los cuatro per\u00edodos.<\/p>\n<p>[\/vc_column_text][vc_row_inner][vc_column_inner][vc_column_text]<\/p>\n<blockquote><p>Belisario Porras &#8211;\u00a0<a href=\"http:\/\/salacela.net\/es\/wp-content\/uploads\/2017\/06\/17.pdf\" target=\"_blank\" rel=\"noopener\"><b>Memorias de las campa\u00f1as del Istmo 1900<\/b><\/a><\/p><\/blockquote>\n<p>[\/vc_column_text][vc_column_text]<\/p>\n<blockquote><p>Carlos A. Mendoza &#8211;\u00a0<a href=\"http:\/\/salacela.net\/es\/wp-content\/uploads\/2017\/06\/72.pdf\" target=\"_blank\" rel=\"noopener\"><b>Escritos de Carlos A Mendoza<\/b><\/a><\/p><\/blockquote>\n<p>[\/vc_column_text][vc_column_text]<\/p>\n<blockquote><p>Domingo H. Turner &#8211;\u00a0<a href=\"http:\/\/salacela.net\/es\/wp-content\/uploads\/2017\/06\/28.pdf\" target=\"_blank\" rel=\"noopener\"><b>Tratado Fatal! (tres ensayos y una demanda)<\/b><\/a><\/p><\/blockquote>\n<p>[\/vc_column_text][vc_column_text]<\/p>\n<blockquote><p>Eusebio A. Morales &#8211;\u00a0<a href=\"http:\/\/salacela.net\/es\/wp-content\/uploads\/2017\/06\/16.pdf\" target=\"_blank\" rel=\"noopener\"><b>Ensayos, documentos y discursos<\/b><\/a><\/p><\/blockquote>\n<p>[\/vc_column_text][vc_column_text]<\/p>\n<blockquote><p>Guillermo Andreve I. &#8211;\u00a0<b>Recuerdos de la Guerra de los Mil D\u00edas en el Itsmo de Panam\u00e1 1899-1901<\/b><\/p><\/blockquote>\n<p>[\/vc_column_text][\/vc_column_inner][\/vc_row_inner][\/vc_column][\/vc_row]<\/p>\n<\/div>","protected":false},"excerpt":{"rendered":"<p>[vc_row wrap_container=\u00bbyes\u00bb is_section=\u00bbyes\u00bb remove_margin_top=\u00bbyes\u00bb remove_border=\u00bbyes\u00bb bg_type=\u00bbgrad\u00bb bg_grad=\u00bbbackground: -webkit-gradient(linear, left top, left bottom, color-stop(0%, #C7E9EB), color-stop(55%, #FFFFFF));background: -moz-linear-gradient(top,#C7E9EB 0%,#FFFFFF 55%);background: -webkit-linear-gradient(top,#C7E9EB 0%,#FFFFFF 55%);background: -o-linear-gradient(top,#C7E9EB 0%,#FFFFFF 55%);background: -ms-linear-gradient(top,#C7E9EB 0%,#FFFFFF 55%);background: linear-gradient(top,#C7E9EB 0%,#FFFFFF 55%);\u00bb][vc_column][vc_custom_heading text=\u00bbBibliograf\u00eda Paname\u00f1a &gt; 1900 &#8211; 1925&#8243; font_container=\u00bbtag:h2|font_size:36|text_align:left\u00bb use_theme_fonts=\u00bbyes\u00bb el_class=\u00bbm-b-md\u00bb][vc_separator color=\u00bbcustom\u00bb align=\u00bbalign_left\u00bb border_width=\u00bb3&#8243; type=\u00bbsmall\u00bb accent_color=\u00bb#cfa968&#8243;][vc_column_text] La Biblioteca Digital de Autores Paname\u00f1os recoge los trabajos m\u00e1s [&hellip;]<\/p>\n","protected":false},"author":1,"featured_media":0,"parent":0,"menu_order":0,"comment_status":"closed","ping_status":"closed","template":"","meta":{"_exactmetrics_skip_tracking":false,"_exactmetrics_sitenote_active":false,"_exactmetrics_sitenote_note":"","_exactmetrics_sitenote_category":0,"footnotes":""},"class_list":["post-721","page","type-page","status-publish","hentry"],"_links":{"self":[{"href":"http:\/\/salacela.net\/es\/wp-json\/wp\/v2\/pages\/721","targetHints":{"allow":["GET"]}}],"collection":[{"href":"http:\/\/salacela.net\/es\/wp-json\/wp\/v2\/pages"}],"about":[{"href":"http:\/\/salacela.net\/es\/wp-json\/wp\/v2\/types\/page"}],"author":[{"embeddable":true,"href":"http:\/\/salacela.net\/es\/wp-json\/wp\/v2\/users\/1"}],"replies":[{"embeddable":true,"href":"http:\/\/salacela.net\/es\/wp-json\/wp\/v2\/comments?post=721"}],"version-history":[{"count":12,"href":"http:\/\/salacela.net\/es\/wp-json\/wp\/v2\/pages\/721\/revisions"}],"predecessor-version":[{"id":1100,"href":"http:\/\/salacela.net\/es\/wp-json\/wp\/v2\/pages\/721\/revisions\/1100"}],"wp:attachment":[{"href":"http:\/\/salacela.net\/es\/wp-json\/wp\/v2\/media?parent=721"}],"curies":[{"name":"wp","href":"https:\/\/api.w.org\/{rel}","templated":true}]}}