{"id":715,"date":"2017-06-22T17:58:41","date_gmt":"2017-06-22T17:58:41","guid":{"rendered":"http:\/\/salacela.net\/es\/?page_id=715"},"modified":"2018-03-04T20:56:32","modified_gmt":"2018-03-04T20:56:32","slug":"base-de-datos","status":"publish","type":"page","link":"http:\/\/salacela.net\/es\/base-de-datos\/","title":{"rendered":"Base de Datos"},"content":{"rendered":"<div class=\"wpb-content-wrapper\"><p>[vc_row wrap_container=\u00bbyes\u00bb is_section=\u00bbyes\u00bb remove_margin_top=\u00bbyes\u00bb remove_border=\u00bbyes\u00bb bg_type=\u00bbgrad\u00bb bg_grad=\u00bbbackground: -webkit-gradient(linear, left top, left bottom, color-stop(0%, #C7E9EB), color-stop(55%, #FFFFFF));background: -moz-linear-gradient(top,#C7E9EB 0%,#FFFFFF 55%);background: -webkit-linear-gradient(top,#C7E9EB 0%,#FFFFFF 55%);background: -o-linear-gradient(top,#C7E9EB 0%,#FFFFFF 55%);background: -ms-linear-gradient(top,#C7E9EB 0%,#FFFFFF 55%);background: linear-gradient(top,#C7E9EB 0%,#FFFFFF 55%);\u00bb][vc_column][vc_custom_heading text=\u00bbBase de Datos\u00bb font_container=\u00bbtag:h2|font_size:36|text_align:left\u00bb use_theme_fonts=\u00bbyes\u00bb el_class=\u00bbm-b-md\u00bb][vc_separator color=\u00bbcustom\u00bb align=\u00bbalign_left\u00bb border_width=\u00bb3&#8243; type=\u00bbsmall\u00bb accent_color=\u00bb#cfa968&#8243;][vc_column_text]<\/p>\n<p style=\"text-align: justify;\">En la actualidad las bases de datos cuentan con m\u00e1s de 18 mil registros, en su gran mayor\u00eda de art\u00edculos de revistas especializadas en ciencias sociales de Am\u00e9rica Latina. A continuaci\u00f3n le ofrecemos acceder a cada una de las base datos donde podr\u00e1n consultar y bajar informaci\u00f3n que requieran.<\/p>\n<p>[\/vc_column_text][vc_row_inner][vc_column_inner width=\u00bb1\/2&#8243;][vc_btn title=\u00bbBase de datos CELA\u00bb style=\u00bbcustom\u00bb custom_background=\u00bb#19185a\u00bb custom_text=\u00bb#ffffff\u00bb size=\u00bblg\u00bb align=\u00bbcenter\u00bb css_animation=\u00bbbounceInDown\u00bb button_block=\u00bbtrue\u00bb link=\u00bburl:http%3A%2F%2Fwww.sibiup.up.ac.pa%2Fwwwisis%2Fcela.01%2Fform.htm||target:%20_blank|\u00bb][\/vc_column_inner][vc_column_inner width=\u00bb1\/2&#8243;][vc_btn title=\u00bbBase de datos Tareas\u00bb style=\u00bbcustom\u00bb custom_background=\u00bb#19185a\u00bb custom_text=\u00bb#ffffff\u00bb size=\u00bblg\u00bb align=\u00bbcenter\u00bb css_animation=\u00bbbounceInDown\u00bb button_block=\u00bbtrue\u00bb link=\u00bburl:http%3A%2F%2Fwww.sibiup.up.ac.pa%2Fwwwisis%2Ftareas.01%2Fform.htm||target:%20_blank|\u00bb][\/vc_column_inner][\/vc_row_inner][vc_row_inner][vc_column_inner width=\u00bb1\/2&#8243;][vc_btn title=\u00bbBase de datos bolet\u00edn Canal de Panam\u00e1 Hoy\u00bb style=\u00bbcustom\u00bb custom_background=\u00bb#19185a\u00bb custom_text=\u00bb#ffffff\u00bb size=\u00bblg\u00bb align=\u00bbcenter\u00bb css_animation=\u00bbbounceInDown\u00bb button_block=\u00bbtrue\u00bb link=\u00bburl:http%3A%2F%2Fwww.sibiup.up.ac.pa%2Fwwwisis%2Fcanal.01%2Fform.htm||target:%20_blank|\u00bb][\/vc_column_inner][vc_column_inner width=\u00bb1\/2&#8243;][vc_btn title=\u00bbBase de datos bolet\u00edn Premisas\u00bb style=\u00bbcustom\u00bb custom_background=\u00bb#19185a\u00bb custom_text=\u00bb#ffffff\u00bb size=\u00bblg\u00bb align=\u00bbcenter\u00bb css_animation=\u00bbbounceInDown\u00bb button_block=\u00bbtrue\u00bb link=\u00bburl:http%3A%2F%2Fwww.sibiup.up.ac.pa%2Fwwwisis%2Fbopre.01%2Fform.htm||target:%20_blank|\u00bb][\/vc_column_inner][\/vc_row_inner][\/vc_column][\/vc_row]<\/p>\n<\/div>","protected":false},"excerpt":{"rendered":"<p>[vc_row wrap_container=\u00bbyes\u00bb is_section=\u00bbyes\u00bb remove_margin_top=\u00bbyes\u00bb remove_border=\u00bbyes\u00bb bg_type=\u00bbgrad\u00bb bg_grad=\u00bbbackground: -webkit-gradient(linear, left top, left bottom, color-stop(0%, #C7E9EB), color-stop(55%, #FFFFFF));background: -moz-linear-gradient(top,#C7E9EB 0%,#FFFFFF 55%);background: -webkit-linear-gradient(top,#C7E9EB 0%,#FFFFFF 55%);background: -o-linear-gradient(top,#C7E9EB 0%,#FFFFFF 55%);background: -ms-linear-gradient(top,#C7E9EB 0%,#FFFFFF 55%);background: linear-gradient(top,#C7E9EB 0%,#FFFFFF 55%);\u00bb][vc_column][vc_custom_heading text=\u00bbBase de Datos\u00bb font_container=\u00bbtag:h2|font_size:36|text_align:left\u00bb use_theme_fonts=\u00bbyes\u00bb el_class=\u00bbm-b-md\u00bb][vc_separator color=\u00bbcustom\u00bb align=\u00bbalign_left\u00bb border_width=\u00bb3&#8243; type=\u00bbsmall\u00bb accent_color=\u00bb#cfa968&#8243;][vc_column_text] En la actualidad las bases de datos cuentan con m\u00e1s de 18 mil [&hellip;]<\/p>\n","protected":false},"author":1,"featured_media":0,"parent":0,"menu_order":0,"comment_status":"closed","ping_status":"closed","template":"","meta":{"_exactmetrics_skip_tracking":false,"_exactmetrics_sitenote_active":false,"_exactmetrics_sitenote_note":"","_exactmetrics_sitenote_category":0,"footnotes":""},"class_list":["post-715","page","type-page","status-publish","hentry"],"_links":{"self":[{"href":"http:\/\/salacela.net\/es\/wp-json\/wp\/v2\/pages\/715","targetHints":{"allow":["GET"]}}],"collection":[{"href":"http:\/\/salacela.net\/es\/wp-json\/wp\/v2\/pages"}],"about":[{"href":"http:\/\/salacela.net\/es\/wp-json\/wp\/v2\/types\/page"}],"author":[{"embeddable":true,"href":"http:\/\/salacela.net\/es\/wp-json\/wp\/v2\/users\/1"}],"replies":[{"embeddable":true,"href":"http:\/\/salacela.net\/es\/wp-json\/wp\/v2\/comments?post=715"}],"version-history":[{"count":10,"href":"http:\/\/salacela.net\/es\/wp-json\/wp\/v2\/pages\/715\/revisions"}],"predecessor-version":[{"id":1094,"href":"http:\/\/salacela.net\/es\/wp-json\/wp\/v2\/pages\/715\/revisions\/1094"}],"wp:attachment":[{"href":"http:\/\/salacela.net\/es\/wp-json\/wp\/v2\/media?parent=715"}],"curies":[{"name":"wp","href":"https:\/\/api.w.org\/{rel}","templated":true}]}}