{"id":708,"date":"2017-06-20T21:55:30","date_gmt":"2017-06-20T21:55:30","guid":{"rendered":"http:\/\/salacela.net\/es\/?page_id=708"},"modified":"2022-02-25T15:07:22","modified_gmt":"2022-02-25T15:07:22","slug":"informacion-general","status":"publish","type":"page","link":"http:\/\/salacela.net\/es\/informacion-general\/","title":{"rendered":"Informaci\u00f3n general"},"content":{"rendered":"<div class=\"wpb-content-wrapper\"><p>[vc_row wrap_container=\u00bbyes\u00bb is_section=\u00bbyes\u00bb remove_margin_top=\u00bbyes\u00bb remove_border=\u00bbyes\u00bb bg_type=\u00bbgrad\u00bb bg_grad=\u00bbbackground: -webkit-gradient(linear, left top, left bottom, color-stop(0%, #C7E9EB), color-stop(55%, #FCFCFC));background: -moz-linear-gradient(top,#C7E9EB 0%,#FCFCFC 55%);background: -webkit-linear-gradient(top,#C7E9EB 0%,#FCFCFC 55%);background: -o-linear-gradient(top,#C7E9EB 0%,#FCFCFC 55%);background: -ms-linear-gradient(top,#C7E9EB 0%,#FCFCFC 55%);background: linear-gradient(top,#C7E9EB 0%,#FCFCFC 55%);\u00bb][vc_column][vc_custom_heading text=\u00bbInformaci\u00f3n General\u00bb font_container=\u00bbtag:h2|font_size:36|text_align:left\u00bb use_theme_fonts=\u00bbyes\u00bb el_class=\u00bbm-b-md\u00bb][vc_separator color=\u00bbcustom\u00bb align=\u00bbalign_left\u00bb border_width=\u00bb3&#8243; type=\u00bbsmall\u00bb accent_color=\u00bb#cfa968&#8243;][vc_column_text css_animation=\u00bbbounceInDown\u00bb]<strong>Nombre de la instituci\u00f3n:<\/strong>\u00a0Centro de Estudios Latinoamericanos, (CELA), \u00abJusto Arosemena\u00bb<\/p>\n<p><strong>Direcci\u00f3n postal:<\/strong>\u00a0Apartado 0823-01959, Panam\u00e1, R. de Panam\u00e1<\/p>\n<p><strong>Tel\u00e9fono:<\/strong>\u00a0(Panam\u00e1 [+507]) 223-0028<\/p>\n<p><strong>Correo electr\u00f3nico:<\/strong>\u00a0<a href=\"mailto:cela@salacela.net\">cela@salacela.net<\/a><\/p>\n<p><strong>Direcci\u00f3n: <\/strong>Universidad de Panam\u00e1, Campus Octavio \u00abM\u00e9ndez Pereira\u00bb, Facultad de Inform\u00e1tica, Electronica y Comunicaci\u00f3n, 2 piso, oficina 17A<\/p>\n<p><strong> Generales de registro:<\/strong>\u00a0Organizaci\u00f3n no gubernamental, sin fines de lucro. Registrada el 24 de abril de 1978 en el Registro P\u00fablico de Panam\u00e1, Secci\u00f3n Personas Comunes, tomo 1290, folio 146, asiento 118.220.<\/p>\n<p><strong>Representante legal: Azael Carrera\u00a0<\/strong><b>Hern\u00e1ndez<\/b>[\/vc_column_text][\/vc_column][\/vc_row]<\/p>\n<\/div>","protected":false},"excerpt":{"rendered":"<p>[vc_row wrap_container=\u00bbyes\u00bb is_section=\u00bbyes\u00bb remove_margin_top=\u00bbyes\u00bb remove_border=\u00bbyes\u00bb bg_type=\u00bbgrad\u00bb bg_grad=\u00bbbackground: -webkit-gradient(linear, left top, left bottom, color-stop(0%, #C7E9EB), color-stop(55%, #FCFCFC));background: -moz-linear-gradient(top,#C7E9EB 0%,#FCFCFC 55%);background: -webkit-linear-gradient(top,#C7E9EB 0%,#FCFCFC 55%);background: -o-linear-gradient(top,#C7E9EB 0%,#FCFCFC 55%);background: -ms-linear-gradient(top,#C7E9EB 0%,#FCFCFC 55%);background: linear-gradient(top,#C7E9EB 0%,#FCFCFC 55%);\u00bb][vc_column][vc_custom_heading text=\u00bbInformaci\u00f3n General\u00bb font_container=\u00bbtag:h2|font_size:36|text_align:left\u00bb use_theme_fonts=\u00bbyes\u00bb el_class=\u00bbm-b-md\u00bb][vc_separator color=\u00bbcustom\u00bb align=\u00bbalign_left\u00bb border_width=\u00bb3&#8243; type=\u00bbsmall\u00bb accent_color=\u00bb#cfa968&#8243;][vc_column_text css_animation=\u00bbbounceInDown\u00bb]Nombre de la instituci\u00f3n:\u00a0Centro de Estudios Latinoamericanos, (CELA), \u00abJusto Arosemena\u00bb Direcci\u00f3n postal:\u00a0Apartado 0823-01959, Panam\u00e1, [&hellip;]<\/p>\n","protected":false},"author":1,"featured_media":0,"parent":0,"menu_order":0,"comment_status":"closed","ping_status":"closed","template":"","meta":{"_exactmetrics_skip_tracking":false,"_exactmetrics_sitenote_active":false,"_exactmetrics_sitenote_note":"","_exactmetrics_sitenote_category":0,"footnotes":""},"class_list":["post-708","page","type-page","status-publish","hentry"],"_links":{"self":[{"href":"http:\/\/salacela.net\/es\/wp-json\/wp\/v2\/pages\/708","targetHints":{"allow":["GET"]}}],"collection":[{"href":"http:\/\/salacela.net\/es\/wp-json\/wp\/v2\/pages"}],"about":[{"href":"http:\/\/salacela.net\/es\/wp-json\/wp\/v2\/types\/page"}],"author":[{"embeddable":true,"href":"http:\/\/salacela.net\/es\/wp-json\/wp\/v2\/users\/1"}],"replies":[{"embeddable":true,"href":"http:\/\/salacela.net\/es\/wp-json\/wp\/v2\/comments?post=708"}],"version-history":[{"count":8,"href":"http:\/\/salacela.net\/es\/wp-json\/wp\/v2\/pages\/708\/revisions"}],"predecessor-version":[{"id":2964,"href":"http:\/\/salacela.net\/es\/wp-json\/wp\/v2\/pages\/708\/revisions\/2964"}],"wp:attachment":[{"href":"http:\/\/salacela.net\/es\/wp-json\/wp\/v2\/media?parent=708"}],"curies":[{"name":"wp","href":"https:\/\/api.w.org\/{rel}","templated":true}]}}