{"id":629,"date":"2017-06-10T06:45:36","date_gmt":"2017-06-10T06:45:36","guid":{"rendered":"http:\/\/salacela.net\/es\/?page_id=629"},"modified":"2018-03-04T20:57:13","modified_gmt":"2018-03-04T20:57:13","slug":"perfil-de-la-sala","status":"publish","type":"page","link":"http:\/\/salacela.net\/es\/perfil-de-la-sala\/","title":{"rendered":"Perfil de la SALA"},"content":{"rendered":"<div class=\"wpb-content-wrapper\"><p>[vc_row wrap_container=\u00bbyes\u00bb is_section=\u00bbyes\u00bb remove_margin_top=\u00bbyes\u00bb remove_border=\u00bbyes\u00bb bg_type=\u00bbgrad\u00bb bg_grad=\u00bbbackground: -webkit-gradient(linear, left top, left bottom, color-stop(0%, #C7E9EB), color-stop(55%, #FFFFFF));background: -moz-linear-gradient(top,#C7E9EB 0%,#FFFFFF 55%);background: -webkit-linear-gradient(top,#C7E9EB 0%,#FFFFFF 55%);background: -o-linear-gradient(top,#C7E9EB 0%,#FFFFFF 55%);background: -ms-linear-gradient(top,#C7E9EB 0%,#FFFFFF 55%);background: linear-gradient(top,#C7E9EB 0%,#FFFFFF 55%);\u00bb][vc_column][vc_custom_heading text=\u00bbPerfil de la SALA\u00bb font_container=\u00bbtag:h2|font_size:36|text_align:left\u00bb use_theme_fonts=\u00bbyes\u00bb el_class=\u00bbm-b-md\u00bb][vc_separator color=\u00bbcustom\u00bb align=\u00bbalign_left\u00bb border_width=\u00bb3&#8243; type=\u00bbsmall\u00bb accent_color=\u00bb#cfa968&#8243;][vc_column_text el_class=\u00bblead m-b-lg\u00bb]<\/p>\n<p style=\"text-align: justify;\">El Centro de Documentaci\u00f3n del CELA inici\u00f3 sus labores en 1977, posteriormente en el a\u00f1o 1998 se cre\u00f3 la Sala de Estudios Latinoamericanos (SEL). Mediante un convenio firmado entre el CELA y la Universidad de Panam\u00e1. Esta funciona en el segundo piso de la Biblioteca Interamericana \u00abSim\u00f3n Bol\u00edvar\u00bb de la Universidad de Panam\u00e1 y brinda su servicio al p\u00fablico en general, de lunes a viernes, de 9:00 a.m. a 5:00 p.m.<\/p>\n<p>[\/vc_column_text][vc_column_text]<\/p>\n<p style=\"text-align: justify;\">La documentaci\u00f3n es procesada en una base de datos en el programa WINISIS, desarrollado por la UNESCO lo que permite agilizar el proceso de almacenamiento, b\u00fasqueda y recuperaci\u00f3n de documentos que son recibidos y procesados semanalmente. La documentaci\u00f3n es clasificada en libros, revistas te\u00f3ricas, revistas informativas y publicaciones de referencia.<\/p>\n<p style=\"text-align: justify;\">Para la asignaci\u00f3n de descriptores, seg\u00fan los cuales se catalogan los art\u00edculos de revistas te\u00f3ricas y monograf\u00edas, se usa como base conceptual el Macroteosauro de la Organizaci\u00f3n de Cooperaci\u00f3n y Desarrollo Econ\u00f3mico de las Naciones Unidas (OCDE).<\/p>\n<p>[\/vc_column_text][vc_column_text]<\/p>\n<p style=\"text-align: justify;\">El fondo documental que posee la Sala de Estudios Latinoamericanos es el producto de la pol\u00edtica de canje que mantiene el CELA, a trav\u00e9s de la revista Tareas, con numerosas instituciones especializadas en investigaci\u00f3n social, bibliotecas y universidades de Am\u00e9rica, Europa y el resto del mundo.<\/p>\n<p>[\/vc_column_text][\/vc_column][\/vc_row]<\/p>\n<\/div>","protected":false},"excerpt":{"rendered":"<p>[vc_row wrap_container=\u00bbyes\u00bb is_section=\u00bbyes\u00bb remove_margin_top=\u00bbyes\u00bb remove_border=\u00bbyes\u00bb bg_type=\u00bbgrad\u00bb bg_grad=\u00bbbackground: -webkit-gradient(linear, left top, left bottom, color-stop(0%, #C7E9EB), color-stop(55%, #FFFFFF));background: -moz-linear-gradient(top,#C7E9EB 0%,#FFFFFF 55%);background: -webkit-linear-gradient(top,#C7E9EB 0%,#FFFFFF 55%);background: -o-linear-gradient(top,#C7E9EB 0%,#FFFFFF 55%);background: -ms-linear-gradient(top,#C7E9EB 0%,#FFFFFF 55%);background: linear-gradient(top,#C7E9EB 0%,#FFFFFF 55%);\u00bb][vc_column][vc_custom_heading text=\u00bbPerfil de la SALA\u00bb font_container=\u00bbtag:h2|font_size:36|text_align:left\u00bb use_theme_fonts=\u00bbyes\u00bb el_class=\u00bbm-b-md\u00bb][vc_separator color=\u00bbcustom\u00bb align=\u00bbalign_left\u00bb border_width=\u00bb3&#8243; type=\u00bbsmall\u00bb accent_color=\u00bb#cfa968&#8243;][vc_column_text el_class=\u00bblead m-b-lg\u00bb] El Centro de Documentaci\u00f3n del CELA inici\u00f3 sus labores en [&hellip;]<\/p>\n","protected":false},"author":1,"featured_media":0,"parent":0,"menu_order":0,"comment_status":"closed","ping_status":"closed","template":"","meta":{"_exactmetrics_skip_tracking":false,"_exactmetrics_sitenote_active":false,"_exactmetrics_sitenote_note":"","_exactmetrics_sitenote_category":0,"footnotes":""},"class_list":["post-629","page","type-page","status-publish","hentry"],"_links":{"self":[{"href":"http:\/\/salacela.net\/es\/wp-json\/wp\/v2\/pages\/629","targetHints":{"allow":["GET"]}}],"collection":[{"href":"http:\/\/salacela.net\/es\/wp-json\/wp\/v2\/pages"}],"about":[{"href":"http:\/\/salacela.net\/es\/wp-json\/wp\/v2\/types\/page"}],"author":[{"embeddable":true,"href":"http:\/\/salacela.net\/es\/wp-json\/wp\/v2\/users\/1"}],"replies":[{"embeddable":true,"href":"http:\/\/salacela.net\/es\/wp-json\/wp\/v2\/comments?post=629"}],"version-history":[{"count":4,"href":"http:\/\/salacela.net\/es\/wp-json\/wp\/v2\/pages\/629\/revisions"}],"predecessor-version":[{"id":1092,"href":"http:\/\/salacela.net\/es\/wp-json\/wp\/v2\/pages\/629\/revisions\/1092"}],"wp:attachment":[{"href":"http:\/\/salacela.net\/es\/wp-json\/wp\/v2\/media?parent=629"}],"curies":[{"name":"wp","href":"https:\/\/api.w.org\/{rel}","templated":true}]}}