{"id":39,"date":"2016-08-11T08:55:34","date_gmt":"2016-08-11T08:55:34","guid":{"rendered":"http:\/\/sw-themes.com\/porto_dummy\/?page_id=39"},"modified":"2018-03-04T20:57:13","modified_gmt":"2018-03-04T20:57:13","slug":"perfil-cela","status":"publish","type":"page","link":"http:\/\/salacela.net\/es\/perfil-cela\/","title":{"rendered":"Perfil del CELA"},"content":{"rendered":"<div class=\"wpb-content-wrapper\"><p>[vc_row wrap_container=\u00bbyes\u00bb is_section=\u00bbyes\u00bb remove_margin_top=\u00bbyes\u00bb remove_border=\u00bbyes\u00bb bg_type=\u00bbgrad\u00bb bg_grad=\u00bbbackground: -webkit-gradient(linear, left top, left bottom, color-stop(0%, #C7E9EB), color-stop(55%, #FFFFFF));background: -moz-linear-gradient(top,#C7E9EB 0%,#FFFFFF 55%);background: -webkit-linear-gradient(top,#C7E9EB 0%,#FFFFFF 55%);background: -o-linear-gradient(top,#C7E9EB 0%,#FFFFFF 55%);background: -ms-linear-gradient(top,#C7E9EB 0%,#FFFFFF 55%);background: linear-gradient(top,#C7E9EB 0%,#FFFFFF 55%);\u00bb][vc_column][vc_custom_heading text=\u00bbPerfil del CELA\u00bb font_container=\u00bbtag:h2|font_size:36|text_align:left\u00bb use_theme_fonts=\u00bbyes\u00bb el_class=\u00bbm-b-md\u00bb][vc_separator color=\u00bbcustom\u00bb align=\u00bbalign_left\u00bb border_width=\u00bb3&#8243; type=\u00bbsmall\u00bb accent_color=\u00bb#cfa968&#8243;][vc_column_text el_class=\u00bblead m-b-lg\u00bb]<\/p>\n<p style=\"text-align: justify;\">El Centro de Estudios Latinoamericanos,\u00a0<strong>CELA<\/strong>, \u00abJusto Arosemena\u00bb es una asociaci\u00f3n de profesionales preocupados por el desarrollo de las ciencias sociales en Panam\u00e1 y Latinoam\u00e9rica.<\/p>\n<p>[\/vc_column_text][vc_column_text]<\/p>\n<p style=\"text-align: justify;\">Naci\u00f3 a mediados de 1976 gracias al esfuerzo de un grupo de cient\u00edficos sociales paname\u00f1os, convencidos de que la ausencia de un centro de investigaci\u00f3n social -oficial y\/o privado- se traduc\u00eda en serios obst\u00e1culos para el desarrollo de estudios de la realidad nacional.<\/p>\n<p style=\"text-align: justify;\">El\u00a0<strong>CELA<\/strong>\u00a0cuenta con un n\u00famero plural de investigadores asociados, quienes participan, junto a especialistas invitados, en los proyectos que realiza la instituci\u00f3n.\u00a0 Tiene un Comit\u00e9 directivo,\u00a0 encargado de coordinar\u00a0 las\u00a0 \u00e1reas de estudio\u00a0 (econom\u00eda, historia, movimientos sociales, poblaci\u00f3n, g\u00e9nero, ambiente\u00a0y Estado).<\/p>\n<p>[\/vc_column_text][vc_column_text]<\/p>\n<p style=\"text-align: justify;\">Como entidad aut\u00f3noma, tiene v\u00ednculos de trabajo y colaboraci\u00f3n con instituciones afines en Panam\u00e1, as\u00ed como en el exterior, especialmente Am\u00e9rica Latina. El\u00a0<strong>CELA <\/strong>mantiene relaci\u00f3n y colaboraci\u00f3n con la Universidad de Panam\u00e1. Tambi\u00e9n mantiene una relaci\u00f3n con la Secretar\u00eda Nacional de Ciencia, Tecnolog\u00eda e Innovaci\u00f3n (SENACYT) y con la Fundaci\u00f3n Friedrich Ebert Stiftung (FES) en Panam\u00e1.<\/p>\n<p style=\"text-align: justify;\">El\u00a0<strong>CELA<\/strong>\u00a0est\u00e1 vinculado formalmente al Consejo Latinoamericano de Ciencias Sociales (CLACSO), que re\u00fane a centros de investigaci\u00f3n de la regi\u00f3n y tiene su secretar\u00eda ejecutiva en Buenos Aires, Argentina. Tiene relaciones con la Comisi\u00f3n Econ\u00f3mica para Am\u00e9rica Latina (CEPAL), la Facultad Latinoamericana de Ciencias Sociales (FLACSO), el Centro de Estudios Latinoamericanos (CELA) de la Universidad Aut\u00f3noma de M\u00e9xico (UNAM) y el Centro de Estudios de Desarrollo (CENDES) de la Universidad Central de Venezuela.<\/p>\n<p>[\/vc_column_text][\/vc_column][\/vc_row]<\/p>\n<\/div>","protected":false},"excerpt":{"rendered":"<p>[vc_row wrap_container=\u00bbyes\u00bb is_section=\u00bbyes\u00bb remove_margin_top=\u00bbyes\u00bb remove_border=\u00bbyes\u00bb bg_type=\u00bbgrad\u00bb bg_grad=\u00bbbackground: -webkit-gradient(linear, left top, left bottom, color-stop(0%, #C7E9EB), color-stop(55%, #FFFFFF));background: -moz-linear-gradient(top,#C7E9EB 0%,#FFFFFF 55%);background: -webkit-linear-gradient(top,#C7E9EB 0%,#FFFFFF 55%);background: -o-linear-gradient(top,#C7E9EB 0%,#FFFFFF 55%);background: -ms-linear-gradient(top,#C7E9EB 0%,#FFFFFF 55%);background: linear-gradient(top,#C7E9EB 0%,#FFFFFF 55%);\u00bb][vc_column][vc_custom_heading text=\u00bbPerfil del CELA\u00bb font_container=\u00bbtag:h2|font_size:36|text_align:left\u00bb use_theme_fonts=\u00bbyes\u00bb el_class=\u00bbm-b-md\u00bb][vc_separator color=\u00bbcustom\u00bb align=\u00bbalign_left\u00bb border_width=\u00bb3&#8243; type=\u00bbsmall\u00bb accent_color=\u00bb#cfa968&#8243;][vc_column_text el_class=\u00bblead m-b-lg\u00bb] El Centro de Estudios Latinoamericanos,\u00a0CELA, \u00abJusto Arosemena\u00bb es una asociaci\u00f3n de [&hellip;]<\/p>\n","protected":false},"author":1,"featured_media":0,"parent":0,"menu_order":0,"comment_status":"closed","ping_status":"closed","template":"","meta":{"_exactmetrics_skip_tracking":false,"_exactmetrics_sitenote_active":false,"_exactmetrics_sitenote_note":"","_exactmetrics_sitenote_category":0,"footnotes":""},"class_list":["post-39","page","type-page","status-publish","hentry"],"_links":{"self":[{"href":"http:\/\/salacela.net\/es\/wp-json\/wp\/v2\/pages\/39","targetHints":{"allow":["GET"]}}],"collection":[{"href":"http:\/\/salacela.net\/es\/wp-json\/wp\/v2\/pages"}],"about":[{"href":"http:\/\/salacela.net\/es\/wp-json\/wp\/v2\/types\/page"}],"author":[{"embeddable":true,"href":"http:\/\/salacela.net\/es\/wp-json\/wp\/v2\/users\/1"}],"replies":[{"embeddable":true,"href":"http:\/\/salacela.net\/es\/wp-json\/wp\/v2\/comments?post=39"}],"version-history":[{"count":21,"href":"http:\/\/salacela.net\/es\/wp-json\/wp\/v2\/pages\/39\/revisions"}],"predecessor-version":[{"id":1142,"href":"http:\/\/salacela.net\/es\/wp-json\/wp\/v2\/pages\/39\/revisions\/1142"}],"wp:attachment":[{"href":"http:\/\/salacela.net\/es\/wp-json\/wp\/v2\/media?parent=39"}],"curies":[{"name":"wp","href":"https:\/\/api.w.org\/{rel}","templated":true}]}}