{"id":143,"date":"2016-08-11T07:36:22","date_gmt":"2016-08-11T07:36:22","guid":{"rendered":"http:\/\/sw-themes.com\/porto_dummy\/?page_id=143"},"modified":"2026-03-10T17:55:46","modified_gmt":"2026-03-10T17:55:46","slug":"home","status":"publish","type":"page","link":"http:\/\/salacela.net\/es\/","title":{"rendered":"Home"},"content":{"rendered":"<div class=\"wpb-content-wrapper\"><p>[vc_row wrap_container=\u00bbyes\u00bb is_section=\u00bbyes\u00bb remove_margin_top=\u00bbyes\u00bb remove_border=\u00bbyes\u00bb bg_type=\u00bbgrad\u00bb bg_grad=\u00bbbackground: -webkit-gradient(linear, left top, left bottom, color-stop(0%, #C7E9EB), color-stop(55%, #FFFFFF));background: -moz-linear-gradient(top,#C7E9EB 0%,#FFFFFF 55%);background: -webkit-linear-gradient(top,#C7E9EB 0%,#FFFFFF 55%);background: -o-linear-gradient(top,#C7E9EB 0%,#FFFFFF 55%);background: -ms-linear-gradient(top,#C7E9EB 0%,#FFFFFF 55%);background: linear-gradient(top,#C7E9EB 0%,#FFFFFF 55%);\u00bb][vc_column width=\u00bb2\/3&#8243;][vc_custom_heading text=\u00bbBienvenidos al CELA\u00bb font_container=\u00bbtag:h2|text_align:left|color:%23000000&#8243; use_theme_fonts=\u00bbyes\u00bb el_class=\u00bbm-b-none m-t-sm\u00bb css_params=\u00bb\u00bb][vc_separator color=\u00bbcustom\u00bb align=\u00bbalign_left\u00bb border_width=\u00bb3&#8243; type=\u00bbsmall\u00bb accent_color=\u00bb#cfa968&#8243;][vc_video link=\u00bbhttps:\/\/www.youtube.com\/watch?v=gSgiFO3Ri7Y\u00bb align=\u00bbcenter\u00bb css_animation=\u00bbbounceIn\u00bb][vc_column_text]El Centro de Estudios Latinoamericanos, (CELA), \u201cJusto Arosemena\u201d es una instituci\u00f3n sin fines de lucro que tiene como objetivo impulsar el desarrollo de las Ciencias Sociales a trav\u00e9s de la investigaci\u00f3n, publicaci\u00f3n y actividades de extensi\u00f3n.<\/p>\n<p>Esta instituci\u00f3n es la encargada de publicar la revista Tareas, fundada en 1960, y que partir de 1979, se convierte en el \u00f3rgano de difusi\u00f3n de sus investigaciones. En el af\u00e1n de aportar al debate sobre los principales problemas nacionales y regionales, se realiza todos los a\u00f1os un programa de conversatorios que se ha convertido en un espacio de discusi\u00f3n entre profesores, investigadores y p\u00fablico interesado.<br \/>\nCon la intenci\u00f3n ofrecer informaci\u00f3n sobre las actividades de investigaci\u00f3n, publicaci\u00f3n y extensi\u00f3n que se realiza, nos complace presentar a la comunidad virtual interesada este nuevo sitio web donde podr\u00e1 tener acceso libre a las investigaciones y publicaciones del CELA.[\/vc_column_text][\/vc_column][vc_column width=\u00bb1\/3&#8243;][vc_custom_heading text=\u00bbActividades\u00bb use_theme_fonts=\u00bbyes\u00bb el_class=\u00bbm-b-none m-t-sm\u00bb][vc_separator color=\u00bbcustom\u00bb align=\u00bbalign_left\u00bb border_width=\u00bb3&#8243; type=\u00bbsmall\u00bb accent_color=\u00bb#cfa968&#8243; el_class=\u00bbm-b-lg\u00bb][vc_widget_sidebar sidebar_id=\u00bbblog-sidebar\u00bb][\/vc_column][\/vc_row][vc_row wrap_container=\u00bbyes\u00bb is_section=\u00bbyes\u00bb section_skin=\u00bbparallax\u00bb remove_margin_top=\u00bbyes\u00bb remove_margin_bottom=\u00bbyes\u00bb remove_padding_bottom=\u00bbyes\u00bb remove_border=\u00bbyes\u00bb bg_type=\u00bbgrad\u00bb bg_grad=\u00bbbackground: -webkit-gradient(linear, left top, left bottom, color-stop(0%, #C7E9EB), color-stop(55%, #FFFFFF));background: -moz-linear-gradient(top,#C7E9EB 0%,#FFFFFF 55%);background: -webkit-linear-gradient(top,#C7E9EB 0%,#FFFFFF 55%);background: -o-linear-gradient(top,#C7E9EB 0%,#FFFFFF 55%);background: -ms-linear-gradient(top,#C7E9EB 0%,#FFFFFF 55%);background: linear-gradient(top,#C7E9EB 0%,#FFFFFF 55%);\u00bb][vc_column width=\u00bb1\/2&#8243;][vc_custom_heading text=\u00bbNoticias del CELA\u00bb font_container=\u00bbtag:h2|text_align:center\u00bb use_theme_fonts=\u00bbyes\u00bb el_class=\u00bbm-b-none m-t-sm\u00bb][vc_single_image image=\u00bb3088&#8243; img_size=\u00bbmedium\u00bb add_caption=\u00bbyes\u00bb alignment=\u00bbcenter\u00bb css=\u00bb\u00bb title=\u00bbINVITACI\u00d3N\u00bb css_params=\u00bb\u00bb][vc_column_text css=\u00bb\u00bb css_params=\u00bb\u00bb]<\/p>\n<p style=\"text-align: center;\">PRESENTACI\u00d3N TAREAS #179 &#8211; 181<\/p>\n<p style=\"text-align: center;\"><a href=\"http:\/\/salacela.net\/es\/wp-content\/uploads\/2025\/09\/Presentacion-Tareas-181.pdf\">Leer<\/a><a href=\"http:\/\/salacela.net\/es\/wp-content\/uploads\/2023\/11\/Comunicado-nov.-2023.docx\">&#8230;<\/a><\/p>\n<p>[\/vc_column_text][vc_single_image image=\u00bb3034&#8243; img_size=\u00bbmedium\u00bb add_caption=\u00bbyes\u00bb alignment=\u00bbcenter\u00bb title=\u00bbCOMUNICADO\u00bb][vc_column_text]<\/p>\n<p style=\"text-align: center;\">Comunicado CELA<\/p>\n<p style=\"text-align: center;\"><a href=\"http:\/\/salacela.net\/es\/wp-content\/uploads\/2023\/11\/Comunicado-CELA-2-1-1-1.doc\">Leer<\/a><a href=\"http:\/\/salacela.net\/es\/wp-content\/uploads\/2023\/11\/Comunicado-nov.-2023.docx\">&#8230;<\/a><\/p>\n<p>[\/vc_column_text][vc_single_image image=\u00bb3140&#8243; img_size=\u00bbmedium\u00bb add_caption=\u00bbyes\u00bb alignment=\u00bbcenter\u00bb css=\u00bb\u00bb title=\u00bbTareas N\u00b0 182 de enero- abril 2026.\u00bb label=\u00bb\u00bb css_params=\u00bb\u00bb][vc_column_text css=\u00bb\u00bb css_params=\u00bb\u00bb]Ya apareci\u00f3 el \u00faltimo n\u00famero de nuestra revista Tareas N\u00b0 182, de enero &#8211; abril 2026[\/vc_column_text][vc_single_image image=\u00bb3092&#8243; img_size=\u00bbmedium\u00bb add_caption=\u00bbyes\u00bb alignment=\u00bbcenter\u00bb css=\u00bb\u00bb title=\u00bbTareas 181, septiembre-diciembre, 2025&#8243; css_params=\u00bb\u00bb][vc_column_text css_animation=\u00bbnone\u00bb css=\u00bb\u00bb css_params=\u00bb\u00bb]Tareas N\u00ba 181, de septiembre- diciembre, 2025.[\/vc_column_text][vc_single_image image=\u00bb3094&#8243; img_size=\u00bbmedium\u00bb add_caption=\u00bbyes\u00bb alignment=\u00bbcenter\u00bb css=\u00bb\u00bb title=\u00bbTareas N\u00ba180. Mayo &#8211; agosto 2025&#8243; css_params=\u00bb\u00bb][vc_column_text css=\u00bb\u00bb css_params=\u00bb\u00bb]Tareas N\u00ba 180, de mayo &#8211; agosto 2025.[\/vc_column_text][vc_single_image image=\u00bb3081&#8243; img_size=\u00bbmedium\u00bb add_caption=\u00bbyes\u00bb alignment=\u00bbcenter\u00bb css=\u00bb\u00bb title=\u00bbTareas N\u00ba179. Enero &#8211; abril 2025.\u00bb][vc_column_text css=\u00bb\u00bb css_params=\u00bb\u00bb]Tareas N\u00ba 179, de enero &#8211; abril, 2025.[\/vc_column_text][vc_single_image image=\u00bb3060&#8243; img_size=\u00bbmedium\u00bb add_caption=\u00bbyes\u00bb alignment=\u00bbcenter\u00bb css=\u00bb\u00bb title=\u00bbTareas N\u00ba178. Septiembre &#8211; diciembre 2024.\u00bb][vc_column_text css=\u00bb\u00bb]Tareas N\u00ba 178, de septiembre &#8211; diciembre 2024.[\/vc_column_text][vc_column_text css_animation=\u00bbappear\u00bb][\/vc_column_text][vc_separator color=\u00bbcustom\u00bb align=\u00bbalign_left\u00bb border_width=\u00bb3&#8243; type=\u00bbsmall\u00bb accent_color=\u00bb#cfa968&#8243; el_class=\u00bbm-b-lg\u00bb][vc_single_image image=\u00bb1827&#8243; img_size=\u00bbmedium\u00bb add_caption=\u00bbyes\u00bb alignment=\u00bbcenter\u00bb title=\u00bbVenta especial de Tareas\u00bb el_class=\u00bbPresentaci\u00f3n del libro \u00abLas encrucijadas abiertas de Am\u00e9rica Latina. La sociolog\u00eda en tiempo de cambio\u00ab\u00bb][vc_column_text][\/vc_column_text][vc_column_text css_animation=\u00bbnone\u00bb]Aprovecha ahora y completa tu colecci\u00f3n. Venta de Tareas a B\/.1.00<\/p>\n<p>Para mayor informaci\u00f3n llamar t\u00e9l: 223-0028[\/vc_column_text][vc_column_text][\/vc_column_text][\/vc_column][vc_column width=\u00bb1\/2&#8243;][vc_custom_heading text=\u00bbPublicaciones Recientes\u00bb use_theme_fonts=\u00bbyes\u00bb el_class=\u00bbm-b-none m-t-sm\u00bb][vc_separator color=\u00bbcustom\u00bb align=\u00bbalign_left\u00bb border_width=\u00bb3&#8243; type=\u00bbsmall\u00bb accent_color=\u00bb#cfa968&#8243; el_class=\u00bbm-b-lg\u00bb][vc_column_text]<div class=\"wpnw-pro-news-slider-wrp wpnaw-clearfix \" data-conf=\"{&quot;slides_column&quot;:&quot;1&quot;,&quot;slides_scroll&quot;:1,&quot;dots&quot;:&quot;false&quot;,&quot;arrows&quot;:&quot;true&quot;,&quot;autoplay&quot;:&quot;true&quot;,&quot;autoplay_interval&quot;:2000,&quot;speed&quot;:500,&quot;rtl&quot;:&quot;false&quot;,&quot;loop&quot;:&quot;true&quot;,&quot;centermode&quot;:&quot;false&quot;,&quot;design&quot;:&quot;design-2&quot;,&quot;hover_pause&quot;:&quot;true&quot;,&quot;focus_pause&quot;:&quot;false&quot;}\">\n\n\t\n\t<div class=\"wpnaw-news-slider  design-2 slides-column-1\" id=\"wpnw-pro-news-slider-1\">\n<div class=\"wpnaw-news-slides\">\n\t\t\t<h2 class=\"wpnaw-news-title\">\n\t\t\t<a href=\"http:\/\/salacela.net\/es\/news\/la-pandemia-no-es-el-fin-del-capitalismo\/\" target=\"_self\">La Pandemia no es el fin del Capitalismo. Marco Gand\u00e1segui h.<\/a>\n\t\t<\/h2>\n\t\t\t<div class=\"wpnaw-news-date\">\n\t\t\t<span>By <a href=\"http:\/\/salacela.net\/es\/author\/dgonzalez\/\" target=\"_self\">Melanie De Agudelo<\/a><\/span>\t\t\t\t\t\t\t\t<\/div>\n\t<\/div>\n<div class=\"wpnaw-news-slides\">\n\t\t\t<div class=\"wpnaw-news-image-bg\" style=\"\">\n\t\t\t<a href=\"http:\/\/salacela.net\/es\/news\/revista-tareas-no-167-enero-abril-2021\/\" target=\"_self\">\n\t\t\t\t<img decoding=\"async\" src=\"http:\/\/salacela.net\/es\/wp-content\/uploads\/2021\/03\/Portadas-tareas-167-663x1024.jpg\" alt=\"Revista Tareas N\u00ba 167 Enero-Abril 2021\" \/>\n\t\t\t<\/a>\n\t\t<\/div>\n\t\t\t<h2 class=\"wpnaw-news-title\">\n\t\t\t<a href=\"http:\/\/salacela.net\/es\/news\/revista-tareas-no-167-enero-abril-2021\/\" target=\"_self\">Revista Tareas N\u00ba 167 Enero-Abril 2021<\/a>\n\t\t<\/h2>\n\t\t\t<div class=\"wpnaw-news-date\">\n\t\t\t<span>By <a href=\"http:\/\/salacela.net\/es\/author\/dgonzalez\/\" target=\"_self\">Melanie De Agudelo<\/a><\/span>\t\t\t\t\t\t\t\t<\/div>\n\t<\/div>\n<div class=\"wpnaw-news-slides\">\n\t\t\t<div class=\"wpnaw-news-image-bg\" style=\"\">\n\t\t\t<a href=\"http:\/\/salacela.net\/es\/news\/homenaje-a-marco-a-gandasegui-h-no-166-septiembre-diciembre-2020\/\" target=\"_self\">\n\t\t\t\t<img decoding=\"async\" src=\"http:\/\/salacela.net\/es\/wp-content\/uploads\/2021\/03\/Portadas-tareas-166-663x1024.jpg\" alt=\"Homenaje a Marco A. Gand\u00e1segui, h. N\u00ba 166-Septiembre-diciembre 2020\" \/>\n\t\t\t<\/a>\n\t\t<\/div>\n\t\t\t<h2 class=\"wpnaw-news-title\">\n\t\t\t<a href=\"http:\/\/salacela.net\/es\/news\/homenaje-a-marco-a-gandasegui-h-no-166-septiembre-diciembre-2020\/\" target=\"_self\">Homenaje a Marco A. Gand\u00e1segui, h. N\u00ba 166-Septiembre-diciembre 2020<\/a>\n\t\t<\/h2>\n\t\t\t<div class=\"wpnaw-news-date\">\n\t\t\t<span>By <a href=\"http:\/\/salacela.net\/es\/author\/dgonzalez\/\" target=\"_self\">Melanie De Agudelo<\/a><\/span>\t\t\t\t\t\t\t\t<\/div>\n\t<\/div>\n<div class=\"wpnaw-news-slides\">\n\t\t\t<div class=\"wpnaw-news-image-bg\" style=\"\">\n\t\t\t<a href=\"http:\/\/salacela.net\/es\/news\/the-developing-economies-vol-57-no-2-junio-2019\/\" target=\"_self\">\n\t\t\t\t<img decoding=\"async\" src=\"http:\/\/salacela.net\/es\/wp-content\/uploads\/2019\/09\/the-developing.jpg\" alt=\"The Developing Economies. Vol. 57, N\u00ba 2. Junio 2019.\" \/>\n\t\t\t<\/a>\n\t\t<\/div>\n\t\t\t<h2 class=\"wpnaw-news-title\">\n\t\t\t<a href=\"http:\/\/salacela.net\/es\/news\/the-developing-economies-vol-57-no-2-junio-2019\/\" target=\"_self\">The Developing Economies. Vol. 57, N\u00ba 2. Junio 2019.<\/a>\n\t\t<\/h2>\n\t\t\t<div class=\"wpnaw-news-date\">\n\t\t\t<span>By <a href=\"http:\/\/salacela.net\/es\/author\/dgonzalez\/\" target=\"_self\">Melanie De Agudelo<\/a><\/span>\t\t\t\t\t\t\t\t<\/div>\n\t<\/div>\n<div class=\"wpnaw-news-slides\">\n\t\t\t<div class=\"wpnaw-news-image-bg\" style=\"\">\n\t\t\t<a href=\"http:\/\/salacela.net\/es\/news\/nueva-sociedad-282-julio-agosto-2019\/\" target=\"_self\">\n\t\t\t\t<img decoding=\"async\" src=\"http:\/\/salacela.net\/es\/wp-content\/uploads\/2019\/09\/Nueva-sociedad-282.jpg\" alt=\"Nueva Sociedad 282. Julio-Agosto 2019.\" \/>\n\t\t\t<\/a>\n\t\t<\/div>\n\t\t\t<h2 class=\"wpnaw-news-title\">\n\t\t\t<a href=\"http:\/\/salacela.net\/es\/news\/nueva-sociedad-282-julio-agosto-2019\/\" target=\"_self\">Nueva Sociedad 282. Julio-Agosto 2019.<\/a>\n\t\t<\/h2>\n\t\t\t<div class=\"wpnaw-news-date\">\n\t\t\t<span>By <a href=\"http:\/\/salacela.net\/es\/author\/dgonzalez\/\" target=\"_self\">Melanie De Agudelo<\/a><\/span>\t\t\t\t\t\t\t\t<\/div>\n\t<\/div>\n<div class=\"wpnaw-news-slides\">\n\t\t\t<div class=\"wpnaw-news-image-bg\" style=\"\">\n\t\t\t<a href=\"http:\/\/salacela.net\/es\/news\/eca-estudios-centroamericanos-757-vol-74-abril-junio-2019\/\" target=\"_self\">\n\t\t\t\t<img decoding=\"async\" src=\"http:\/\/salacela.net\/es\/wp-content\/uploads\/2019\/09\/eca...la-amenaza....jpg\" alt=\"ECA Estudios Centroamericanos 757. VOl. 74. Abril-Junio 2019.\" \/>\n\t\t\t<\/a>\n\t\t<\/div>\n\t\t\t<h2 class=\"wpnaw-news-title\">\n\t\t\t<a href=\"http:\/\/salacela.net\/es\/news\/eca-estudios-centroamericanos-757-vol-74-abril-junio-2019\/\" target=\"_self\">ECA Estudios Centroamericanos 757. VOl. 74. Abril-Junio 2019.<\/a>\n\t\t<\/h2>\n\t\t\t<div class=\"wpnaw-news-date\">\n\t\t\t<span>By <a href=\"http:\/\/salacela.net\/es\/author\/dgonzalez\/\" target=\"_self\">Melanie De Agudelo<\/a><\/span>\t\t\t\t\t\t\t\t<\/div>\n\t<\/div>\n<div class=\"wpnaw-news-slides\">\n\t\t\t<div class=\"wpnaw-news-image-bg\" style=\"\">\n\t\t\t<a href=\"http:\/\/salacela.net\/es\/news\/critical-sociology-vol-45-no-4-5-2019\/\" target=\"_self\">\n\t\t\t\t<img decoding=\"async\" src=\"http:\/\/salacela.net\/es\/wp-content\/uploads\/2019\/09\/critical.jpg\" alt=\"Critical Sociology. Vol. 45, N\u00ba 4-5, 2019.\" \/>\n\t\t\t<\/a>\n\t\t<\/div>\n\t\t\t<h2 class=\"wpnaw-news-title\">\n\t\t\t<a href=\"http:\/\/salacela.net\/es\/news\/critical-sociology-vol-45-no-4-5-2019\/\" target=\"_self\">Critical Sociology. Vol. 45, N\u00ba 4-5, 2019.<\/a>\n\t\t<\/h2>\n\t\t\t<div class=\"wpnaw-news-date\">\n\t\t\t<span>By <a href=\"http:\/\/salacela.net\/es\/author\/dgonzalez\/\" target=\"_self\">Melanie De Agudelo<\/a><\/span>\t\t\t\t\t\t\t\t<\/div>\n\t<\/div>\n<div class=\"wpnaw-news-slides\">\n\t\t\t<div class=\"wpnaw-news-image-bg\" style=\"\">\n\t\t\t<a href=\"http:\/\/salacela.net\/es\/news\/revista-de-ciencias-sociales-no-163-i-2019\/\" target=\"_self\">\n\t\t\t\t<img decoding=\"async\" src=\"http:\/\/salacela.net\/es\/wp-content\/uploads\/2019\/09\/ciencias-sociales.jpg\" alt=\"Revista de Ciencias Sociales. N\u00ba 163 (I) 2019.\" \/>\n\t\t\t<\/a>\n\t\t<\/div>\n\t\t\t<h2 class=\"wpnaw-news-title\">\n\t\t\t<a href=\"http:\/\/salacela.net\/es\/news\/revista-de-ciencias-sociales-no-163-i-2019\/\" target=\"_self\">Revista de Ciencias Sociales. N\u00ba 163 (I) 2019.<\/a>\n\t\t<\/h2>\n\t\t\t<div class=\"wpnaw-news-date\">\n\t\t\t<span>By <a href=\"http:\/\/salacela.net\/es\/author\/dgonzalez\/\" target=\"_self\">Melanie De Agudelo<\/a><\/span>\t\t\t\t\t\t\t\t<\/div>\n\t<\/div>\n<div class=\"wpnaw-news-slides\">\n\t\t\t<div class=\"wpnaw-news-image-bg\" style=\"\">\n\t\t\t<a href=\"http:\/\/salacela.net\/es\/news\/nueva-sociedad-281-mayo-junio-2019\/\" target=\"_self\">\n\t\t\t\t<img decoding=\"async\" src=\"http:\/\/salacela.net\/es\/wp-content\/uploads\/2019\/09\/nueva-sociedad.jpg\" alt=\"Nueva Sociedad 281. Mayo-Junio 2019.\" \/>\n\t\t\t<\/a>\n\t\t<\/div>\n\t\t\t<h2 class=\"wpnaw-news-title\">\n\t\t\t<a href=\"http:\/\/salacela.net\/es\/news\/nueva-sociedad-281-mayo-junio-2019\/\" target=\"_self\">Nueva Sociedad 281. Mayo-Junio 2019.<\/a>\n\t\t<\/h2>\n\t\t\t<div class=\"wpnaw-news-date\">\n\t\t\t<span>By <a href=\"http:\/\/salacela.net\/es\/author\/dgonzalez\/\" target=\"_self\">Melanie De Agudelo<\/a><\/span>\t\t\t\t\t\t\t\t<\/div>\n\t<\/div>\n<div class=\"wpnaw-news-slides\">\n\t\t\t<div class=\"wpnaw-news-image-bg\" style=\"\">\n\t\t\t<a href=\"http:\/\/salacela.net\/es\/news\/latin-american-perspectives-vol-46-no-4-julio-2019\/\" target=\"_self\">\n\t\t\t\t<img decoding=\"async\" src=\"http:\/\/salacela.net\/es\/wp-content\/uploads\/2019\/09\/latin-american.jpg\" alt=\"Latin American Perspectives. Vol. 46. N\u00ba 4. Julio 2019.\" \/>\n\t\t\t<\/a>\n\t\t<\/div>\n\t\t\t<h2 class=\"wpnaw-news-title\">\n\t\t\t<a href=\"http:\/\/salacela.net\/es\/news\/latin-american-perspectives-vol-46-no-4-julio-2019\/\" target=\"_self\">Latin American Perspectives. Vol. 46. N\u00ba 4. Julio 2019.<\/a>\n\t\t<\/h2>\n\t\t\t<div class=\"wpnaw-news-date\">\n\t\t\t<span>By <a href=\"http:\/\/salacela.net\/es\/author\/dgonzalez\/\" target=\"_self\">Melanie De Agudelo<\/a><\/span>\t\t\t\t\t\t\t\t<\/div>\n\t<\/div>\n<div class=\"wpnaw-news-slides\">\n\t\t\t<div class=\"wpnaw-news-image-bg\" style=\"\">\n\t\t\t<a href=\"http:\/\/salacela.net\/es\/news\/revista-espanola-desarrollo-y-cooperacion-no-44-enero-junio-2019\/\" target=\"_self\">\n\t\t\t\t<img decoding=\"async\" src=\"http:\/\/salacela.net\/es\/wp-content\/uploads\/2019\/09\/desarr-y-cooperac.jpg\" alt=\"Revista espa\u00f1ola desarrollo y cooperaci\u00f3n. N\u00ba 44. Enero-Junio 2019.\" \/>\n\t\t\t<\/a>\n\t\t<\/div>\n\t\t\t<h2 class=\"wpnaw-news-title\">\n\t\t\t<a href=\"http:\/\/salacela.net\/es\/news\/revista-espanola-desarrollo-y-cooperacion-no-44-enero-junio-2019\/\" target=\"_self\">Revista espa\u00f1ola desarrollo y cooperaci\u00f3n. N\u00ba 44. Enero-Junio 2019.<\/a>\n\t\t<\/h2>\n\t\t\t<div class=\"wpnaw-news-date\">\n\t\t\t<span>By <a href=\"http:\/\/salacela.net\/es\/author\/dgonzalez\/\" target=\"_self\">Melanie De Agudelo<\/a><\/span>\t\t\t\t\t\t\t\t<\/div>\n\t<\/div>\n<div class=\"wpnaw-news-slides\">\n\t\t\t<div class=\"wpnaw-news-image-bg\" style=\"\">\n\t\t\t<a href=\"http:\/\/salacela.net\/es\/news\/monthly-review-vol-71-no-2-junio-2019\/\" target=\"_self\">\n\t\t\t\t<img decoding=\"async\" src=\"http:\/\/salacela.net\/es\/wp-content\/uploads\/2019\/07\/Monthly-Review.jpg\" alt=\"Monthly Review. Vol. 71. No.2. Junio 2019.\" \/>\n\t\t\t<\/a>\n\t\t<\/div>\n\t\t\t<h2 class=\"wpnaw-news-title\">\n\t\t\t<a href=\"http:\/\/salacela.net\/es\/news\/monthly-review-vol-71-no-2-junio-2019\/\" target=\"_self\">Monthly Review. Vol. 71. No.2. Junio 2019.<\/a>\n\t\t<\/h2>\n\t\t\t<div class=\"wpnaw-news-date\">\n\t\t\t<span>By <a href=\"http:\/\/salacela.net\/es\/author\/dgonzalez\/\" target=\"_self\">Melanie De Agudelo<\/a><\/span>\t\t\t\t\t\t\t\t<\/div>\n\t<\/div>\n<div class=\"wpnaw-news-slides\">\n\t\t\t<div class=\"wpnaw-news-image-bg\" style=\"\">\n\t\t\t<a href=\"http:\/\/salacela.net\/es\/news\/migraciones-forzadas-resumen-no-60-marzo-2019\/\" target=\"_self\">\n\t\t\t\t<img decoding=\"async\" src=\"http:\/\/salacela.net\/es\/wp-content\/uploads\/2019\/07\/Migraciones-Forzadas.jpg\" alt=\"Migraciones Forzadas (resumen). No. 60. Marzo 2019.\" \/>\n\t\t\t<\/a>\n\t\t<\/div>\n\t\t\t<h2 class=\"wpnaw-news-title\">\n\t\t\t<a href=\"http:\/\/salacela.net\/es\/news\/migraciones-forzadas-resumen-no-60-marzo-2019\/\" target=\"_self\">Migraciones Forzadas (resumen). No. 60. Marzo 2019.<\/a>\n\t\t<\/h2>\n\t\t\t<div class=\"wpnaw-news-date\">\n\t\t\t<span>By <a href=\"http:\/\/salacela.net\/es\/author\/dgonzalez\/\" target=\"_self\">Melanie De Agudelo<\/a><\/span>\t\t\t\t\t\t\t\t<\/div>\n\t<\/div>\n<div class=\"wpnaw-news-slides\">\n\t\t\t<div class=\"wpnaw-news-image-bg\" style=\"\">\n\t\t\t<a href=\"http:\/\/salacela.net\/es\/news\/nueva-sociedad-no-280-2019\/\" target=\"_self\">\n\t\t\t\t<img decoding=\"async\" src=\"http:\/\/salacela.net\/es\/wp-content\/uploads\/2019\/07\/Nueva-Sociedad.jpg\" alt=\"Nueva Sociedad. No. 280. 2019\" \/>\n\t\t\t<\/a>\n\t\t<\/div>\n\t\t\t<h2 class=\"wpnaw-news-title\">\n\t\t\t<a href=\"http:\/\/salacela.net\/es\/news\/nueva-sociedad-no-280-2019\/\" target=\"_self\">Nueva Sociedad. No. 280. 2019<\/a>\n\t\t<\/h2>\n\t\t\t<div class=\"wpnaw-news-date\">\n\t\t\t<span>By <a href=\"http:\/\/salacela.net\/es\/author\/dgonzalez\/\" target=\"_self\">Melanie De Agudelo<\/a><\/span>\t\t\t\t\t\t\t\t<\/div>\n\t<\/div>\n<div class=\"wpnaw-news-slides\">\n\t\t\t<div class=\"wpnaw-news-image-bg\" style=\"\">\n\t\t\t<a href=\"http:\/\/salacela.net\/es\/news\/critical-sociology-vol-45-2019\/\" target=\"_self\">\n\t\t\t\t<img decoding=\"async\" src=\"http:\/\/salacela.net\/es\/wp-content\/uploads\/2019\/07\/Critical-Sociology.jpg\" alt=\"Critical Sociology. Vol. 45. No. 3, 2019.\" \/>\n\t\t\t<\/a>\n\t\t<\/div>\n\t\t\t<h2 class=\"wpnaw-news-title\">\n\t\t\t<a href=\"http:\/\/salacela.net\/es\/news\/critical-sociology-vol-45-2019\/\" target=\"_self\">Critical Sociology. Vol. 45. No. 3, 2019.<\/a>\n\t\t<\/h2>\n\t\t\t<div class=\"wpnaw-news-date\">\n\t\t\t<span>By <a href=\"http:\/\/salacela.net\/es\/author\/dgonzalez\/\" target=\"_self\">Melanie De Agudelo<\/a><\/span>\t\t\t\t\t\t\t\t<\/div>\n\t<\/div>\n\t<\/div>\n<\/div>[\/vc_column_text][vc_custom_heading text=\u00bbMarco A. Gand\u00e1segui, pensador, prol\u00edfico y multifac\u00e9tico\u00bb font_container=\u00bbtag:h2|text_align:center\u00bb][vc_column_text]<img loading=\"lazy\" decoding=\"async\" class=\"size-medium wp-image-2703 aligncenter\" src=\"http:\/\/salacela.net\/es\/wp-content\/uploads\/2020\/05\/SharedScreenshot-300x180.jpg\" alt=\"\" width=\"300\" height=\"180\" \/><\/p>\n<p style=\"text-align: center;\"><!--more--><\/p>\n<p style=\"text-align: center;\"><a href=\"http:\/\/salacela.net\/es\/wp-content\/uploads\/2020\/05\/Marco-A.-Gand\u00e1segui.-Pensador-prol\u00edfico-y-multifac\u00e9tico-D\u00eddimo-Castillo-03-05-2020.pdf\">Marco A. Gand\u00e1segui. Pensador prol\u00edfico y multifac\u00e9tico &#8211; D\u00eddimo Castillo 03-05-2020<\/a><\/p>\n<p>[\/vc_column_text][vc_custom_heading text=\u00bbPalabras de condolencias.\u00bb font_container=\u00bbtag:h2|text_align:center\u00bb][vc_column_text]<a href=\"http:\/\/salacela.net\/es\/wp-content\/uploads\/2020\/04\/0001-5-scaled.jpg\" target=\"_blank\" rel=\"noopener noreferrer\"><img loading=\"lazy\" decoding=\"async\" class=\"wp-image-2696 size-medium aligncenter\" src=\"http:\/\/salacela.net\/es\/wp-content\/uploads\/2020\/04\/0001-5-232x300.jpg\" alt=\"\" width=\"232\" height=\"300\" \/><\/a>[\/vc_column_text][\/vc_column][\/vc_row]<\/p>\n<\/div>","protected":false},"excerpt":{"rendered":"<p>[vc_row wrap_container=\u00bbyes\u00bb is_section=\u00bbyes\u00bb remove_margin_top=\u00bbyes\u00bb remove_border=\u00bbyes\u00bb bg_type=\u00bbgrad\u00bb bg_grad=\u00bbbackground: -webkit-gradient(linear, left top, left bottom, color-stop(0%, #C7E9EB), color-stop(55%, #FFFFFF));background: -moz-linear-gradient(top,#C7E9EB 0%,#FFFFFF 55%);background: -webkit-linear-gradient(top,#C7E9EB 0%,#FFFFFF 55%);background: -o-linear-gradient(top,#C7E9EB 0%,#FFFFFF 55%);background: -ms-linear-gradient(top,#C7E9EB 0%,#FFFFFF 55%);background: linear-gradient(top,#C7E9EB 0%,#FFFFFF 55%);\u00bb][vc_column width=\u00bb2\/3&#8243;][vc_custom_heading text=\u00bbBienvenidos al CELA\u00bb font_container=\u00bbtag:h2|text_align:left|color:%23000000&#8243; use_theme_fonts=\u00bbyes\u00bb el_class=\u00bbm-b-none m-t-sm\u00bb css_params=\u00bb\u00bb][vc_separator color=\u00bbcustom\u00bb align=\u00bbalign_left\u00bb border_width=\u00bb3&#8243; type=\u00bbsmall\u00bb accent_color=\u00bb#cfa968&#8243;][vc_video link=\u00bbhttps:\/\/www.youtube.com\/watch?v=gSgiFO3Ri7Y\u00bb align=\u00bbcenter\u00bb css_animation=\u00bbbounceIn\u00bb][vc_column_text]El Centro de Estudios Latinoamericanos, (CELA), \u201cJusto Arosemena\u201d [&hellip;]<\/p>\n","protected":false},"author":1,"featured_media":0,"parent":0,"menu_order":0,"comment_status":"closed","ping_status":"closed","template":"","meta":{"_exactmetrics_skip_tracking":false,"_exactmetrics_sitenote_active":false,"_exactmetrics_sitenote_note":"","_exactmetrics_sitenote_category":0,"footnotes":""},"class_list":["post-143","page","type-page","status-publish","hentry"],"_links":{"self":[{"href":"http:\/\/salacela.net\/es\/wp-json\/wp\/v2\/pages\/143","targetHints":{"allow":["GET"]}}],"collection":[{"href":"http:\/\/salacela.net\/es\/wp-json\/wp\/v2\/pages"}],"about":[{"href":"http:\/\/salacela.net\/es\/wp-json\/wp\/v2\/types\/page"}],"author":[{"embeddable":true,"href":"http:\/\/salacela.net\/es\/wp-json\/wp\/v2\/users\/1"}],"replies":[{"embeddable":true,"href":"http:\/\/salacela.net\/es\/wp-json\/wp\/v2\/comments?post=143"}],"version-history":[{"count":221,"href":"http:\/\/salacela.net\/es\/wp-json\/wp\/v2\/pages\/143\/revisions"}],"predecessor-version":[{"id":3141,"href":"http:\/\/salacela.net\/es\/wp-json\/wp\/v2\/pages\/143\/revisions\/3141"}],"wp:attachment":[{"href":"http:\/\/salacela.net\/es\/wp-json\/wp\/v2\/media?parent=143"}],"curies":[{"name":"wp","href":"https:\/\/api.w.org\/{rel}","templated":true}]}}