{"id":1054,"date":"2017-09-13T20:10:35","date_gmt":"2017-09-13T20:10:35","guid":{"rendered":"http:\/\/salacela.net\/es\/?page_id=1054"},"modified":"2018-03-21T14:50:38","modified_gmt":"2018-03-21T14:50:38","slug":"observatorio","status":"publish","type":"page","link":"http:\/\/salacela.net\/es\/observatorio\/","title":{"rendered":"Observatorio"},"content":{"rendered":"<div class=\"wpb-content-wrapper\"><p>[vc_row wrap_container=\u00bbyes\u00bb is_section=\u00bbyes\u00bb remove_margin_top=\u00bbyes\u00bb remove_border=\u00bbyes\u00bb bg_type=\u00bbgrad\u00bb bg_grad=\u00bbbackground: -webkit-gradient(linear, left top, left bottom, color-stop(0%, #C7E9EB), color-stop(55%, #FFFFFF));background: -moz-linear-gradient(top,#C7E9EB 0%,#FFFFFF 55%);background: -webkit-linear-gradient(top,#C7E9EB 0%,#FFFFFF 55%);background: -o-linear-gradient(top,#C7E9EB 0%,#FFFFFF 55%);background: -ms-linear-gradient(top,#C7E9EB 0%,#FFFFFF 55%);background: linear-gradient(top,#C7E9EB 0%,#FFFFFF 55%);\u00bb][vc_column][vc_custom_heading text=\u00bbInvestigaciones &gt; Observatorio\u00bb font_container=\u00bbtag:h2|font_size:36|text_align:left\u00bb use_theme_fonts=\u00bbyes\u00bb el_class=\u00bbm-b-md\u00bb][vc_separator color=\u00bbcustom\u00bb align=\u00bbalign_left\u00bb border_width=\u00bb3&#8243; type=\u00bbsmall\u00bb accent_color=\u00bb#cfa968&#8243;][vc_column_text]<\/p>\n<p style=\"text-align: justify;\">A trav\u00e9s del Centro de Estudios Latinoamericanos (CELA) \u00abJusto Arosemena\u00bb, Panam\u00e1 participa en el Observatorio Social de Am\u00e9rica Latina (OSAL). Es un programa de investigaci\u00f3n orientado al an\u00e1lisis cr\u00edtico de los nuevos rasgos del desarrollo capitalista y las diversas formas que asumen los conflictos sociales en la regi\u00f3n. OSAL tiene equipos trabajando en todos los pa\u00edses de Am\u00e9rica latina, bajo la coordinaci\u00f3n del Consejo Latinoamericano de Ciencias Sociales (CLACSO).<\/p>\n<p style=\"text-align: justify;\">El CELA tiene un equipo de j\u00f3venes investigadores quienes producen mensualmente una cronolog\u00eda de los conflictos sociales en Panam\u00e1, Nicaragua, Honduras y El Salvador. Al mismo tiempo prepara an\u00e1lisis de coyuntras y bibliograf\u00edas de cada uno de los pa\u00edses mencionados.<\/p>\n<p style=\"text-align: justify;\">A continuacion se listan los Informes del Observatorio Social de Am\u00e9rica Latina (OSAL):<\/p>\n<p>[\/vc_column_text][vc_row_inner][vc_column_inner width=\u00bb1\/6&#8243;][just_icon icon=\u00bbDefaults-file-pdf-o\u00bb icon_size=\u00bb64&#8243; icon_color=\u00bb#fe0202&#8243; icon_link=\u00bburl:http%3A%2F%2Fsalacela.net%2Fes%2Fwp-content%2Fuploads%2F2017%2F09%2F8-2.pdf||target:%20_blank|\u00bb icon_animation=\u00bbbounceInLeft\u00bb][vc_column_text css_animation=\u00bbbounceInLeft\u00bb]<\/p>\n<p style=\"text-align: center;\">Panam\u00e1, cronolog\u00eda y coyuntura 2010<\/p>\n<p>[\/vc_column_text][\/vc_column_inner][vc_column_inner width=\u00bb1\/6&#8243;][just_icon icon=\u00bbDefaults-file-pdf-o\u00bb icon_size=\u00bb64&#8243; icon_color=\u00bb#fe0202&#8243; icon_link=\u00bburl:http%3A%2F%2Fsalacela.net%2Fes%2Fwp-content%2Fuploads%2F2017%2F09%2F4.pdf||target:%20_blank|\u00bb icon_animation=\u00bbbounceInLeft\u00bb][vc_column_text css_animation=\u00bbbounceInLeft\u00bb]<\/p>\n<p style=\"text-align: center;\">Panam\u00e1, cronolog\u00eda y coyuntura 2011<\/p>\n<p>[\/vc_column_text][\/vc_column_inner][vc_column_inner width=\u00bb1\/6&#8243;][just_icon icon=\u00bbDefaults-file-pdf-o\u00bb icon_size=\u00bb64&#8243; icon_color=\u00bb#fe0202&#8243; icon_link=\u00bburl:http%3A%2F%2Fsalacela.net%2Fes%2Fwp-content%2Fuploads%2F2017%2F09%2F3-1.pdf||target:%20_blank|\u00bb icon_animation=\u00bbbounceInLeft\u00bb][vc_column_text css_animation=\u00bbbounceInLeft\u00bb]<\/p>\n<p style=\"text-align: center;\">San F\u00e9lix 2012<\/p>\n<p>[\/vc_column_text][\/vc_column_inner][vc_column_inner width=\u00bb1\/6&#8243;][just_icon icon=\u00bbDefaults-file-pdf-o\u00bb icon_size=\u00bb64&#8243; icon_color=\u00bb#fe0202&#8243; icon_link=\u00bburl:http%3A%2F%2Fsalacela.net%2Fes%2Fwp-content%2Fuploads%2F2017%2F09%2F1.pdf||target:%20_blank|\u00bb icon_animation=\u00bbbounceInLeft\u00bb][vc_column_text css_animation=\u00bbbounceInLeft\u00bb]<\/p>\n<p style=\"text-align: center;\"><span style=\"vertical-align: inherit;\"><span style=\"vertical-align: inherit;\">Panam\u00e1, cronolog\u00eda y coyuntura 2009<\/span><\/span><\/p>\n<p>[\/vc_column_text][\/vc_column_inner][vc_column_inner width=\u00bb1\/6&#8243;][just_icon icon=\u00bbDefaults-file-pdf-o\u00bb icon_size=\u00bb64&#8243; icon_color=\u00bb#fe0202&#8243; icon_link=\u00bburl:http%3A%2F%2Fsalacela.net%2Fes%2Fwp-content%2Fuploads%2F2017%2F09%2FAntologia_Panama-2018.pdf||target:%20_blank|\u00bb][vc_column_text css_animation=\u00bbbounceInLeft\u00bb]<\/p>\n<p style=\"text-align: center;\"><span style=\"vertical-align: inherit;\"><span style=\"vertical-align: inherit;\">Antolog\u00edas del Pensamiento Cr\u00edtico Contempor\u00e1neo 2018<\/span><\/span><\/p>\n<p>[\/vc_column_text][\/vc_column_inner][vc_column_inner width=\u00bb1\/6&#8243;][\/vc_column_inner][\/vc_row_inner][\/vc_column][\/vc_row][vc_row][vc_column][\/vc_column][\/vc_row]<\/p>\n<\/div>","protected":false},"excerpt":{"rendered":"<p>[vc_row wrap_container=\u00bbyes\u00bb is_section=\u00bbyes\u00bb remove_margin_top=\u00bbyes\u00bb remove_border=\u00bbyes\u00bb bg_type=\u00bbgrad\u00bb bg_grad=\u00bbbackground: -webkit-gradient(linear, left top, left bottom, color-stop(0%, #C7E9EB), color-stop(55%, #FFFFFF));background: -moz-linear-gradient(top,#C7E9EB 0%,#FFFFFF 55%);background: -webkit-linear-gradient(top,#C7E9EB 0%,#FFFFFF 55%);background: -o-linear-gradient(top,#C7E9EB 0%,#FFFFFF 55%);background: -ms-linear-gradient(top,#C7E9EB 0%,#FFFFFF 55%);background: linear-gradient(top,#C7E9EB 0%,#FFFFFF 55%);\u00bb][vc_column][vc_custom_heading text=\u00bbInvestigaciones &gt; Observatorio\u00bb font_container=\u00bbtag:h2|font_size:36|text_align:left\u00bb use_theme_fonts=\u00bbyes\u00bb el_class=\u00bbm-b-md\u00bb][vc_separator color=\u00bbcustom\u00bb align=\u00bbalign_left\u00bb border_width=\u00bb3&#8243; type=\u00bbsmall\u00bb accent_color=\u00bb#cfa968&#8243;][vc_column_text] A trav\u00e9s del Centro de Estudios Latinoamericanos (CELA) \u00abJusto Arosemena\u00bb, Panam\u00e1 participa en [&hellip;]<\/p>\n","protected":false},"author":1,"featured_media":0,"parent":0,"menu_order":0,"comment_status":"closed","ping_status":"closed","template":"","meta":{"_exactmetrics_skip_tracking":false,"_exactmetrics_sitenote_active":false,"_exactmetrics_sitenote_note":"","_exactmetrics_sitenote_category":0,"footnotes":""},"class_list":["post-1054","page","type-page","status-publish","hentry"],"_links":{"self":[{"href":"http:\/\/salacela.net\/es\/wp-json\/wp\/v2\/pages\/1054","targetHints":{"allow":["GET"]}}],"collection":[{"href":"http:\/\/salacela.net\/es\/wp-json\/wp\/v2\/pages"}],"about":[{"href":"http:\/\/salacela.net\/es\/wp-json\/wp\/v2\/types\/page"}],"author":[{"embeddable":true,"href":"http:\/\/salacela.net\/es\/wp-json\/wp\/v2\/users\/1"}],"replies":[{"embeddable":true,"href":"http:\/\/salacela.net\/es\/wp-json\/wp\/v2\/comments?post=1054"}],"version-history":[{"count":16,"href":"http:\/\/salacela.net\/es\/wp-json\/wp\/v2\/pages\/1054\/revisions"}],"predecessor-version":[{"id":1666,"href":"http:\/\/salacela.net\/es\/wp-json\/wp\/v2\/pages\/1054\/revisions\/1666"}],"wp:attachment":[{"href":"http:\/\/salacela.net\/es\/wp-json\/wp\/v2\/media?parent=1054"}],"curies":[{"name":"wp","href":"https:\/\/api.w.org\/{rel}","templated":true}]}}