{"id":1005,"date":"2017-09-13T17:32:07","date_gmt":"2017-09-13T17:32:07","guid":{"rendered":"http:\/\/salacela.net\/es\/?page_id=1005"},"modified":"2018-03-28T17:10:17","modified_gmt":"2018-03-28T17:10:17","slug":"alfredo-figueroa-navarro-dominio-y-sociedad-en-el-panama-colombiano-1821-1903-bibliografia-panamena","status":"publish","type":"page","link":"http:\/\/salacela.net\/es\/alfredo-figueroa-navarro-dominio-y-sociedad-en-el-panama-colombiano-1821-1903-bibliografia-panamena\/","title":{"rendered":"Alfredo Figueroa Navarro \u2013 Dominio y Sociedad en el Panam\u00e1 Colombiano (1821-1903) | Bibliograf\u00eda paname\u00f1a"},"content":{"rendered":"<div class=\"wpb-content-wrapper\"><p>[vc_row][vc_column][vc_custom_heading text=\u00bbBibliograf\u00eda Paname\u00f1a &gt; 1976 &#8211; 2000 &gt; Alfredo Figueroa Navarro \u2013 Dominio y Sociedad en el Panam\u00e1 Colombiano (1821-1903)\u00bb font_container=\u00bbtag:h2|font_size:36|text_align:left\u00bb use_theme_fonts=\u00bbyes\u00bb el_class=\u00bbm-b-md\u00bb][vc_separator color=\u00bbcustom\u00bb align=\u00bbalign_left\u00bb border_width=\u00bb3&#8243; type=\u00bbsmall\u00bb accent_color=\u00bb#cfa968&#8243;][vc_column_text]<b>Autor:<\/b> Alfredo Figueroa Navarro<\/p>\n<p><b>Art\u00edculo:<\/b> Dominio y Sociedad en el Panam\u00e1 Colombiano (1821-1903)<\/p>\n<div align=\"justify\"><b>Resumen:<\/b><br \/>\nDominio y Sociedad en el Panam\u00e1 Colombiano (1821-1903).<\/div>\n<p><b>Archivos:<\/b>[\/vc_column_text][\/vc_column][\/vc_row][vc_row][vc_column width=\u00bb1\/6&#8243;][just_icon icon=\u00bbDefaults-file-pdf-o\u00bb icon_size=\u00bb64&#8243; icon_color=\u00bb#fe0202&#8243; icon_link=\u00bburl:http%3A%2F%2Fsalacela.net%2Fes%2Fwp-content%2Fuploads%2F2017%2F09%2F7.pdf||target:%20_blank|\u00bb icon_animation=\u00bbbounceInLeft\u00bb][vc_column_text css_animation=\u00bbbounceInLeft\u00bb]<\/p>\n<p style=\"text-align: center;\">01 &#8211; Domino y Sociedad en el Panam\u00e1 Colombiano (1821-1903)<\/p>\n<p>[\/vc_column_text][\/vc_column][vc_column width=\u00bb1\/6&#8243;][just_icon icon=\u00bbDefaults-file-pdf-o\u00bb icon_size=\u00bb64&#8243; icon_color=\u00bb#fe0202&#8243; icon_link=\u00bburl:http%3A%2F%2Fsalacela.net%2Fes%2Fwp-content%2Fuploads%2F2017%2F09%2F8.pdf||target:%20_blank|\u00bb icon_animation=\u00bbbounceInLeft\u00bb][vc_column_text css_animation=\u00bbbounceInLeft\u00bb]<\/p>\n<p style=\"text-align: center;\">02 &#8211; Domino y Sociedad en el Panam\u00e1 Colombiano (1821-1903)<\/p>\n<p>[\/vc_column_text][\/vc_column][vc_column width=\u00bb1\/6&#8243;][just_icon icon=\u00bbDefaults-file-pdf-o\u00bb icon_size=\u00bb64&#8243; icon_color=\u00bb#fe0202&#8243; icon_link=\u00bburl:http%3A%2F%2Fsalacela.net%2Fes%2Fwp-content%2Fuploads%2F2017%2F09%2F9.pdf||target:%20_blank|\u00bb icon_animation=\u00bbbounceInLeft\u00bb][vc_column_text css_animation=\u00bbbounceInLeft\u00bb]<\/p>\n<p style=\"text-align: center;\">03 &#8211; Domino y Sociedad en el Panam\u00e1 Colombiano (1821-1903)<\/p>\n<p>[\/vc_column_text][\/vc_column][vc_column width=\u00bb1\/6&#8243;][just_icon icon=\u00bbDefaults-file-pdf-o\u00bb icon_size=\u00bb64&#8243; icon_color=\u00bb#fe0202&#8243; icon_link=\u00bburl:http%3A%2F%2Fsalacela.net%2Fes%2Fwp-content%2Fuploads%2F2017%2F09%2F10.pdf||target:%20_blank|\u00bb icon_animation=\u00bbbounceInLeft\u00bb][vc_column_text css_animation=\u00bbbounceInLeft\u00bb]<\/p>\n<p style=\"text-align: center;\">04 &#8211; Domino y Sociedad en el Panam\u00e1 Colombiano (1821-1903)<\/p>\n<p>[\/vc_column_text][\/vc_column][vc_column width=\u00bb1\/6&#8243;][just_icon icon=\u00bbDefaults-file-pdf-o\u00bb icon_size=\u00bb64&#8243; icon_color=\u00bb#fe0202&#8243; icon_link=\u00bburl:http%3A%2F%2Fsalacela.net%2Fes%2Fwp-content%2Fuploads%2F2017%2F09%2F11.pdf||target:%20_blank|\u00bb icon_animation=\u00bbbounceInLeft\u00bb][vc_column_text css_animation=\u00bbbounceInLeft\u00bb]<\/p>\n<p style=\"text-align: center;\">05 &#8211; Domino y Sociedad en el Panam\u00e1 Colombiano (1821-1903)<\/p>\n<p>[\/vc_column_text][\/vc_column][vc_column width=\u00bb1\/6&#8243;][just_icon icon=\u00bbDefaults-file-pdf-o\u00bb icon_size=\u00bb64&#8243; icon_color=\u00bb#fe0202&#8243; icon_link=\u00bburl:http%3A%2F%2Fsalacela.net%2Fes%2Fwp-content%2Fuploads%2F2017%2F09%2F12.pdf||target:%20_blank|\u00bb icon_animation=\u00bbbounceInLeft\u00bb][vc_column_text css_animation=\u00bbbounceInLeft\u00bb]<\/p>\n<p style=\"text-align: center;\">06 &#8211; Domino y Sociedad en el Panam\u00e1 Colombiano (1821-1903)<\/p>\n<p>[\/vc_column_text][\/vc_column][\/vc_row][vc_row][vc_column width=\u00bb1\/6&#8243;][just_icon icon=\u00bbDefaults-file-pdf-o\u00bb icon_size=\u00bb64&#8243; icon_color=\u00bb#fe0202&#8243; icon_link=\u00bburl:http%3A%2F%2Fsalacela.net%2Fes%2Fwp-content%2Fuploads%2F2017%2F09%2F13.pdf||target:%20_blank|\u00bb icon_animation=\u00bbbounceInLeft\u00bb][vc_column_text css_animation=\u00bbbounceInLeft\u00bb]<\/p>\n<p style=\"text-align: center;\">07 &#8211; Domino y Sociedad en el Panam\u00e1 Colombiano (1821-1903)<\/p>\n<p>[\/vc_column_text][\/vc_column][vc_column width=\u00bb1\/6&#8243;][just_icon icon=\u00bbDefaults-file-pdf-o\u00bb icon_size=\u00bb64&#8243; icon_color=\u00bb#fe0202&#8243; icon_link=\u00bburl:http%3A%2F%2Fsalacela.net%2Fes%2Fwp-content%2Fuploads%2F2017%2F09%2F14.pdf||target:%20_blank|\u00bb icon_animation=\u00bbbounceInLeft\u00bb][vc_column_text css_animation=\u00bbbounceInLeft\u00bb]<\/p>\n<p style=\"text-align: center;\">08 &#8211; Domino y Sociedad en el Panam\u00e1 Colombiano (1821-1903)<\/p>\n<p>[\/vc_column_text][\/vc_column][vc_column width=\u00bb1\/6&#8243;][just_icon icon=\u00bbDefaults-file-pdf-o\u00bb icon_size=\u00bb64&#8243; icon_color=\u00bb#fe0202&#8243; icon_link=\u00bburl:http%3A%2F%2Fsalacela.net%2Fes%2Fwp-content%2Fuploads%2F2017%2F09%2F15.pdf||target:%20_blank|\u00bb icon_animation=\u00bbbounceInLeft\u00bb][vc_column_text css_animation=\u00bbbounceInLeft\u00bb]<\/p>\n<p style=\"text-align: center;\">09 &#8211; Domino y Sociedad en el Panam\u00e1 Colombiano (1821-1903)<\/p>\n<p>[\/vc_column_text][\/vc_column][vc_column width=\u00bb1\/6&#8243;][\/vc_column][\/vc_row][vc_row][vc_column][vc_btn title=\u00bbRegresar\u00bb style=\u00bbcustom\u00bb custom_background=\u00bb#19185a\u00bb custom_text=\u00bb#ffffff\u00bb size=\u00bblg\u00bb align=\u00bbcenter\u00bb i_icon_fontawesome=\u00bbfa fa-reply\u00bb add_icon=\u00bbtrue\u00bb link=\u00bburl:http%3A%2F%2Fsalacela.net%2Fes%2F1951-1975%2F|||\u00bb][\/vc_column][\/vc_row]<\/p>\n<\/div>","protected":false},"excerpt":{"rendered":"<p>[vc_row][vc_column][vc_custom_heading text=\u00bbBibliograf\u00eda Paname\u00f1a &gt; 1976 &#8211; 2000 &gt; Alfredo Figueroa Navarro \u2013 Dominio y Sociedad en el Panam\u00e1 Colombiano (1821-1903)\u00bb font_container=\u00bbtag:h2|font_size:36|text_align:left\u00bb use_theme_fonts=\u00bbyes\u00bb el_class=\u00bbm-b-md\u00bb][vc_separator color=\u00bbcustom\u00bb align=\u00bbalign_left\u00bb border_width=\u00bb3&#8243; type=\u00bbsmall\u00bb accent_color=\u00bb#cfa968&#8243;][vc_column_text]Autor: Alfredo Figueroa Navarro Art\u00edculo: Dominio y Sociedad en el Panam\u00e1 Colombiano (1821-1903) Resumen: Dominio y Sociedad en el Panam\u00e1 Colombiano (1821-1903). Archivos:[\/vc_column_text][\/vc_column][\/vc_row][vc_row][vc_column width=\u00bb1\/6&#8243;][just_icon icon=\u00bbDefaults-file-pdf-o\u00bb icon_size=\u00bb64&#8243; icon_color=\u00bb#fe0202&#8243; icon_link=\u00bburl:http%3A%2F%2Fsalacela.net%2Fes%2Fwp-content%2Fuploads%2F2017%2F09%2F7.pdf||target:%20_blank|\u00bb [&hellip;]<\/p>\n","protected":false},"author":1,"featured_media":0,"parent":0,"menu_order":0,"comment_status":"closed","ping_status":"closed","template":"","meta":{"_exactmetrics_skip_tracking":false,"_exactmetrics_sitenote_active":false,"_exactmetrics_sitenote_note":"","_exactmetrics_sitenote_category":0,"footnotes":""},"class_list":["post-1005","page","type-page","status-publish","hentry"],"_links":{"self":[{"href":"http:\/\/salacela.net\/es\/wp-json\/wp\/v2\/pages\/1005","targetHints":{"allow":["GET"]}}],"collection":[{"href":"http:\/\/salacela.net\/es\/wp-json\/wp\/v2\/pages"}],"about":[{"href":"http:\/\/salacela.net\/es\/wp-json\/wp\/v2\/types\/page"}],"author":[{"embeddable":true,"href":"http:\/\/salacela.net\/es\/wp-json\/wp\/v2\/users\/1"}],"replies":[{"embeddable":true,"href":"http:\/\/salacela.net\/es\/wp-json\/wp\/v2\/comments?post=1005"}],"version-history":[{"count":12,"href":"http:\/\/salacela.net\/es\/wp-json\/wp\/v2\/pages\/1005\/revisions"}],"predecessor-version":[{"id":1686,"href":"http:\/\/salacela.net\/es\/wp-json\/wp\/v2\/pages\/1005\/revisions\/1686"}],"wp:attachment":[{"href":"http:\/\/salacela.net\/es\/wp-json\/wp\/v2\/media?parent=1005"}],"curies":[{"name":"wp","href":"https:\/\/api.w.org\/{rel}","templated":true}]}}